{"id":6817,"date":"2024-09-24T17:27:57","date_gmt":"2024-09-24T17:27:57","guid":{"rendered":"https:\/\/osmanoglumermer.com.tr\/?page_id=6817"},"modified":"2024-09-24T17:27:58","modified_gmt":"2024-09-24T17:27:58","slug":"hakkimizda","status":"publish","type":"page","link":"https:\/\/osmanoglumermer.com.tr\/?page_id=6817","title":{"rendered":"Hakk\u0131m\u0131zda"},"content":{"rendered":"\n<h2 class=\"wp-block-heading\">Hakk\u0131m\u0131zda<\/h2>\n\n\n\n<p>1997 y\u0131l\u0131nda kurulan firmam\u0131z 20 y\u0131ld\u0131r mermer ve granit i\u015fleme \u00fczerine hizmet vermektedir.<\/p>\n\n\n\n<p>Firmam\u0131z\u0131n ana prensipleri h\u0131zl\u0131 ve zaman\u0131nda teslimat , ko\u015fulsuz m\u00fc\u015fteri memnuniyeti , t\u00fcm kulland\u0131\u011f\u0131m\u0131z \u00fcr\u00fcnlerin A kalite olmas\u0131 ve \u00e7al\u0131\u015fma f\u0131rsat\u0131 buldu\u011fumuz m\u00fc\u015fterilerimizin bu prensipleri asla de\u011fi\u015ftirmeyece\u011fimizden emin olmas\u0131d\u0131r. Bu y\u00f6nde bireysel ve kurumsal m\u00fc\u015fterilerimize uygulamas\u0131n\u0131 yapm\u0131\u015f oldu\u011fumuz mutfak tezgahlar\u0131 ,basamak, mermer masalar , mermer ve granit d\u00f6\u015feme kaplama denizlik parapet d\u0131\u015f cephe kaplama i\u015fleri ile ilgili s\u00fcrekli olumlu geri d\u00f6n\u00fc\u015f almaktay\u0131z.<\/p>\n\n\n\n<p>Tedariklerimizi hem i\u00e7 piyasadan hem de yurtd\u0131\u015f\u0131ndan ithal olarak yapabilmekteyiz. Proje bazl\u0131 \u00fcr\u00fcnlerde d\u00fcnyan\u0131n her yerinden mermer ve granit ithalat\u0131 yapabilmekteyiz. \u0130\u00e7 piyasada bulunmayan t\u00fcm mermer ve granitlerin ithalat\u0131n\u0131 firmam\u0131z ger\u00e7ekle\u015ftirmektedir.<\/p>\n\n\n\n<p>Uygulama konusunda uzman olan personelimiz ile binlerce metre \u00e7e\u015fitli uygulamay\u0131 sorunsuz ve zaman\u0131nda teslim etmenin onurunu ya\u015famaktay\u0131z.<\/p>\n\n\n\n<p><strong>Osmano\u011flu Mermer LTD \u015eT\u0130<\/strong>&nbsp;olarak 40 y\u0131l\u0131 a\u015fk\u0131n mermer montaj i\u015fleri deneyimi ve y\u0131llar\u0131n deneyimi ile kusursuz imalat , kaliteli i\u015f\u00e7ilik , zaman\u0131nda teslim prensiplerinden hi\u00e7 \u015fa\u015fmadan ; Mermer, granit, \u00e7imstone ve belenco ile ilgili t\u00fcm uygulamalarda Sekt\u00f6r\u00fcn \u00f6nc\u00fc kurulu\u015flar\u0131ndan olmu\u015ftur. Firman\u0131z veya sizin i\u00e7in t\u00fcm projelendirme fiyatland\u0131rma uygulama \u00e7al\u0131\u015fmas\u0131n\u0131 do\u011fal t\u00fcm ta\u015flar\u0131 kullanarak yapabilecek yetide personelimiz mevcuttur. Granit ve mermerin her t\u00fcrl\u00fcs\u00fcnden akl\u0131n\u0131zdan ge\u00e7en \u00e7e\u015fitli \u00fcr\u00fcnleri son hali ile size haz\u0131rlayabiliriz. Granit mermer ve traveten d\u0131\u015f cephe kaplama konusunda da s\u0131n\u0131rs\u0131z referans\u0131m\u0131z vard\u0131r.<\/p>\n","protected":false},"excerpt":{"rendered":"<p>Hakk\u0131m\u0131zda 1997 y\u0131l\u0131nda kurulan firmam\u0131z 20 y\u0131ld\u0131r mermer ve granit i\u015fleme \u00fczerine hizmet vermektedir. Firmam\u0131z\u0131n ana prensipleri h\u0131zl\u0131 ve zaman\u0131nda teslimat , ko\u015fulsuz m\u00fc\u015fteri memnuniyeti , t\u00fcm kulland\u0131\u011f\u0131m\u0131z \u00fcr\u00fcnlerin A kalite olmas\u0131 ve \u00e7al\u0131\u015fma f\u0131rsat\u0131 buldu\u011fumuz m\u00fc\u015fterilerimizin bu prensipleri asla de\u011fi\u015ftirmeyece\u011fimizden emin olmas\u0131d\u0131r. Bu y\u00f6nde bireysel ve kurumsal m\u00fc\u015fterilerimize uygulamas\u0131n\u0131 yapm\u0131\u015f oldu\u011fumuz mutfak tezgahlar\u0131 ,basamak, [&hellip;]<\/p>\n","protected":false},"author":1,"featured_media":0,"parent":0,"menu_order":0,"comment_status":"closed","ping_status":"closed","template":"","meta":{"_acf_changed":false,"_monsterinsights_skip_tracking":false,"_monsterinsights_sitenote_active":false,"_monsterinsights_sitenote_note":"","_monsterinsights_sitenote_category":0,"footnotes":""},"class_list":["post-6817","page","type-page","status-publish","hentry"],"acf":[],"yoast_head":"<!-- This site is optimized with the Yoast SEO plugin v23.5 - https:\/\/yoast.com\/wordpress\/plugins\/seo\/ -->\n<title>Hakk\u0131m\u0131zda - Adana Mermer<\/title>\n<meta name=\"robots\" content=\"index, follow, max-snippet:-1, max-image-preview:large, max-video-preview:-1\" \/>\n<link rel=\"canonical\" href=\"https:\/\/osmanoglumermer.com.tr\/?page_id=6817\" \/>\n<meta property=\"og:locale\" content=\"tr_TR\" \/>\n<meta property=\"og:type\" content=\"article\" \/>\n<meta property=\"og:title\" content=\"Hakk\u0131m\u0131zda - Adana Mermer\" \/>\n<meta property=\"og:description\" content=\"Hakk\u0131m\u0131zda 1997 y\u0131l\u0131nda kurulan firmam\u0131z 20 y\u0131ld\u0131r mermer ve granit i\u015fleme \u00fczerine hizmet vermektedir. Firmam\u0131z\u0131n ana prensipleri h\u0131zl\u0131 ve zaman\u0131nda teslimat , ko\u015fulsuz m\u00fc\u015fteri memnuniyeti , t\u00fcm kulland\u0131\u011f\u0131m\u0131z \u00fcr\u00fcnlerin A kalite olmas\u0131 ve \u00e7al\u0131\u015fma f\u0131rsat\u0131 buldu\u011fumuz m\u00fc\u015fterilerimizin bu prensipleri asla de\u011fi\u015ftirmeyece\u011fimizden emin olmas\u0131d\u0131r. Bu y\u00f6nde bireysel ve kurumsal m\u00fc\u015fterilerimize uygulamas\u0131n\u0131 yapm\u0131\u015f oldu\u011fumuz mutfak tezgahlar\u0131 ,basamak, [&hellip;]\" \/>\n<meta property=\"og:url\" content=\"https:\/\/osmanoglumermer.com.tr\/?page_id=6817\" \/>\n<meta property=\"og:site_name\" content=\"Adana Mermer\" \/>\n<meta property=\"article:modified_time\" content=\"2024-09-24T17:27:58+00:00\" \/>\n<meta name=\"twitter:card\" content=\"summary_large_image\" \/>\n<meta name=\"twitter:label1\" content=\"Tahmini okuma s\u00fcresi\" \/>\n\t<meta name=\"twitter:data1\" content=\"1 dakika\" \/>\n<script type=\"application\/ld+json\" class=\"yoast-schema-graph\">{\"@context\":\"https:\/\/schema.org\",\"@graph\":[{\"@type\":\"WebPage\",\"@id\":\"https:\/\/osmanoglumermer.com.tr\/?page_id=6817\",\"url\":\"https:\/\/osmanoglumermer.com.tr\/?page_id=6817\",\"name\":\"Hakk\u0131m\u0131zda - Adana Mermer\",\"isPartOf\":{\"@id\":\"https:\/\/osmanoglumermer.com.tr\/#website\"},\"datePublished\":\"2024-09-24T17:27:57+00:00\",\"dateModified\":\"2024-09-24T17:27:58+00:00\",\"breadcrumb\":{\"@id\":\"https:\/\/osmanoglumermer.com.tr\/?page_id=6817#breadcrumb\"},\"inLanguage\":\"tr\",\"potentialAction\":[{\"@type\":\"ReadAction\",\"target\":[\"https:\/\/osmanoglumermer.com.tr\/?page_id=6817\"]}]},{\"@type\":\"BreadcrumbList\",\"@id\":\"https:\/\/osmanoglumermer.com.tr\/?page_id=6817#breadcrumb\",\"itemListElement\":[{\"@type\":\"ListItem\",\"position\":1,\"name\":\"Anasayfa\",\"item\":\"https:\/\/osmanoglumermer.com.tr\/\"},{\"@type\":\"ListItem\",\"position\":2,\"name\":\"Hakk\u0131m\u0131zda\"}]},{\"@type\":\"WebSite\",\"@id\":\"https:\/\/osmanoglumermer.com.tr\/#website\",\"url\":\"https:\/\/osmanoglumermer.com.tr\/\",\"name\":\"Adana Mermer\",\"description\":\"\",\"potentialAction\":[{\"@type\":\"SearchAction\",\"target\":{\"@type\":\"EntryPoint\",\"urlTemplate\":\"https:\/\/osmanoglumermer.com.tr\/?s={search_term_string}\"},\"query-input\":{\"@type\":\"PropertyValueSpecification\",\"valueRequired\":true,\"valueName\":\"search_term_string\"}}],\"inLanguage\":\"tr\"}]}<\/script>\n<!-- \/ Yoast SEO plugin. -->","yoast_head_json":{"title":"Hakk\u0131m\u0131zda - Adana Mermer","robots":{"index":"index","follow":"follow","max-snippet":"max-snippet:-1","max-image-preview":"max-image-preview:large","max-video-preview":"max-video-preview:-1"},"canonical":"https:\/\/osmanoglumermer.com.tr\/?page_id=6817","og_locale":"tr_TR","og_type":"article","og_title":"Hakk\u0131m\u0131zda - Adana Mermer","og_description":"Hakk\u0131m\u0131zda 1997 y\u0131l\u0131nda kurulan firmam\u0131z 20 y\u0131ld\u0131r mermer ve granit i\u015fleme \u00fczerine hizmet vermektedir. Firmam\u0131z\u0131n ana prensipleri h\u0131zl\u0131 ve zaman\u0131nda teslimat , ko\u015fulsuz m\u00fc\u015fteri memnuniyeti , t\u00fcm kulland\u0131\u011f\u0131m\u0131z \u00fcr\u00fcnlerin A kalite olmas\u0131 ve \u00e7al\u0131\u015fma f\u0131rsat\u0131 buldu\u011fumuz m\u00fc\u015fterilerimizin bu prensipleri asla de\u011fi\u015ftirmeyece\u011fimizden emin olmas\u0131d\u0131r. Bu y\u00f6nde bireysel ve kurumsal m\u00fc\u015fterilerimize uygulamas\u0131n\u0131 yapm\u0131\u015f oldu\u011fumuz mutfak tezgahlar\u0131 ,basamak, [&hellip;]","og_url":"https:\/\/osmanoglumermer.com.tr\/?page_id=6817","og_site_name":"Adana Mermer","article_modified_time":"2024-09-24T17:27:58+00:00","twitter_card":"summary_large_image","twitter_misc":{"Tahmini okuma s\u00fcresi":"1 dakika"},"schema":{"@context":"https:\/\/schema.org","@graph":[{"@type":"WebPage","@id":"https:\/\/osmanoglumermer.com.tr\/?page_id=6817","url":"https:\/\/osmanoglumermer.com.tr\/?page_id=6817","name":"Hakk\u0131m\u0131zda - Adana Mermer","isPartOf":{"@id":"https:\/\/osmanoglumermer.com.tr\/#website"},"datePublished":"2024-09-24T17:27:57+00:00","dateModified":"2024-09-24T17:27:58+00:00","breadcrumb":{"@id":"https:\/\/osmanoglumermer.com.tr\/?page_id=6817#breadcrumb"},"inLanguage":"tr","potentialAction":[{"@type":"ReadAction","target":["https:\/\/osmanoglumermer.com.tr\/?page_id=6817"]}]},{"@type":"BreadcrumbList","@id":"https:\/\/osmanoglumermer.com.tr\/?page_id=6817#breadcrumb","itemListElement":[{"@type":"ListItem","position":1,"name":"Anasayfa","item":"https:\/\/osmanoglumermer.com.tr\/"},{"@type":"ListItem","position":2,"name":"Hakk\u0131m\u0131zda"}]},{"@type":"WebSite","@id":"https:\/\/osmanoglumermer.com.tr\/#website","url":"https:\/\/osmanoglumermer.com.tr\/","name":"Adana Mermer","description":"","potentialAction":[{"@type":"SearchAction","target":{"@type":"EntryPoint","urlTemplate":"https:\/\/osmanoglumermer.com.tr\/?s={search_term_string}"},"query-input":{"@type":"PropertyValueSpecification","valueRequired":true,"valueName":"search_term_string"}}],"inLanguage":"tr"}]}},"_links":{"self":[{"href":"https:\/\/osmanoglumermer.com.tr\/index.php?rest_route=\/wp\/v2\/pages\/6817"}],"collection":[{"href":"https:\/\/osmanoglumermer.com.tr\/index.php?rest_route=\/wp\/v2\/pages"}],"about":[{"href":"https:\/\/osmanoglumermer.com.tr\/index.php?rest_route=\/wp\/v2\/types\/page"}],"author":[{"embeddable":true,"href":"https:\/\/osmanoglumermer.com.tr\/index.php?rest_route=\/wp\/v2\/users\/1"}],"replies":[{"embeddable":true,"href":"https:\/\/osmanoglumermer.com.tr\/index.php?rest_route=%2Fwp%2Fv2%2Fcomments&post=6817"}],"version-history":[{"count":1,"href":"https:\/\/osmanoglumermer.com.tr\/index.php?rest_route=\/wp\/v2\/pages\/6817\/revisions"}],"predecessor-version":[{"id":6818,"href":"https:\/\/osmanoglumermer.com.tr\/index.php?rest_route=\/wp\/v2\/pages\/6817\/revisions\/6818"}],"wp:attachment":[{"href":"https:\/\/osmanoglumermer.com.tr\/index.php?rest_route=%2Fwp%2Fv2%2Fmedia&parent=6817"}],"curies":[{"name":"wp","href":"https:\/\/api.w.org\/{rel}","templated":true}]}}