{"id":6799,"date":"2024-09-24T14:31:14","date_gmt":"2024-09-24T14:31:14","guid":{"rendered":"https:\/\/osmanoglumermer.com.tr\/?page_id=6799"},"modified":"2024-09-24T14:31:14","modified_gmt":"2024-09-24T14:31:14","slug":"asansor-sovesi","status":"publish","type":"page","link":"https:\/\/osmanoglumermer.com.tr\/?page_id=6799","title":{"rendered":"Asans\u00f6r S\u00f6vesi"},"content":{"rendered":"\n<p>Apartman, otel, okul, hastane veya \u015firket binalar\u0131n\u0131z\u0131n asans\u00f6rleri Osmano\u011flu Mermer ve Granit asans\u00f6r s\u00f6vesi kaplamalar\u0131yla hem \u015f\u0131kl\u0131\u011fa hem de y\u0131llara meydan okuyan bir dayan\u0131kl\u0131l\u0131\u011fa kavu\u015facak.<\/p>\n","protected":false},"excerpt":{"rendered":"<p>Apartman, otel, okul, hastane veya \u015firket binalar\u0131n\u0131z\u0131n asans\u00f6rleri Osmano\u011flu Mermer ve Granit asans\u00f6r s\u00f6vesi kaplamalar\u0131yla hem \u015f\u0131kl\u0131\u011fa hem de y\u0131llara meydan okuyan bir dayan\u0131kl\u0131l\u0131\u011fa kavu\u015facak.<\/p>\n","protected":false},"author":1,"featured_media":0,"parent":0,"menu_order":0,"comment_status":"closed","ping_status":"closed","template":"","meta":{"_acf_changed":false,"_monsterinsights_skip_tracking":false,"_monsterinsights_sitenote_active":false,"_monsterinsights_sitenote_note":"","_monsterinsights_sitenote_category":0,"footnotes":""},"class_list":["post-6799","page","type-page","status-publish","hentry"],"acf":[],"yoast_head":"<!-- This site is optimized with the Yoast SEO plugin v23.5 - https:\/\/yoast.com\/wordpress\/plugins\/seo\/ -->\n<title>Asans\u00f6r S\u00f6vesi - Adana Mermer<\/title>\n<meta name=\"robots\" content=\"index, follow, max-snippet:-1, max-image-preview:large, max-video-preview:-1\" \/>\n<link rel=\"canonical\" href=\"https:\/\/osmanoglumermer.com.tr\/?page_id=6799\" \/>\n<meta property=\"og:locale\" content=\"tr_TR\" \/>\n<meta property=\"og:type\" content=\"article\" \/>\n<meta property=\"og:title\" content=\"Asans\u00f6r S\u00f6vesi - Adana Mermer\" \/>\n<meta property=\"og:description\" content=\"Apartman, otel, okul, hastane veya \u015firket binalar\u0131n\u0131z\u0131n asans\u00f6rleri Osmano\u011flu Mermer ve Granit asans\u00f6r s\u00f6vesi kaplamalar\u0131yla hem \u015f\u0131kl\u0131\u011fa hem de y\u0131llara meydan okuyan bir dayan\u0131kl\u0131l\u0131\u011fa kavu\u015facak.\" \/>\n<meta property=\"og:url\" content=\"https:\/\/osmanoglumermer.com.tr\/?page_id=6799\" \/>\n<meta property=\"og:site_name\" content=\"Adana Mermer\" \/>\n<meta name=\"twitter:card\" content=\"summary_large_image\" \/>\n<script type=\"application\/ld+json\" class=\"yoast-schema-graph\">{\"@context\":\"https:\/\/schema.org\",\"@graph\":[{\"@type\":\"WebPage\",\"@id\":\"https:\/\/osmanoglumermer.com.tr\/?page_id=6799\",\"url\":\"https:\/\/osmanoglumermer.com.tr\/?page_id=6799\",\"name\":\"Asans\u00f6r S\u00f6vesi - Adana Mermer\",\"isPartOf\":{\"@id\":\"https:\/\/osmanoglumermer.com.tr\/#website\"},\"datePublished\":\"2024-09-24T14:31:14+00:00\",\"dateModified\":\"2024-09-24T14:31:14+00:00\",\"breadcrumb\":{\"@id\":\"https:\/\/osmanoglumermer.com.tr\/?page_id=6799#breadcrumb\"},\"inLanguage\":\"tr\",\"potentialAction\":[{\"@type\":\"ReadAction\",\"target\":[\"https:\/\/osmanoglumermer.com.tr\/?page_id=6799\"]}]},{\"@type\":\"BreadcrumbList\",\"@id\":\"https:\/\/osmanoglumermer.com.tr\/?page_id=6799#breadcrumb\",\"itemListElement\":[{\"@type\":\"ListItem\",\"position\":1,\"name\":\"Anasayfa\",\"item\":\"https:\/\/osmanoglumermer.com.tr\/\"},{\"@type\":\"ListItem\",\"position\":2,\"name\":\"Asans\u00f6r S\u00f6vesi\"}]},{\"@type\":\"WebSite\",\"@id\":\"https:\/\/osmanoglumermer.com.tr\/#website\",\"url\":\"https:\/\/osmanoglumermer.com.tr\/\",\"name\":\"Adana Mermer\",\"description\":\"\",\"potentialAction\":[{\"@type\":\"SearchAction\",\"target\":{\"@type\":\"EntryPoint\",\"urlTemplate\":\"https:\/\/osmanoglumermer.com.tr\/?s={search_term_string}\"},\"query-input\":{\"@type\":\"PropertyValueSpecification\",\"valueRequired\":true,\"valueName\":\"search_term_string\"}}],\"inLanguage\":\"tr\"}]}<\/script>\n<!-- \/ Yoast SEO plugin. -->","yoast_head_json":{"title":"Asans\u00f6r S\u00f6vesi - Adana Mermer","robots":{"index":"index","follow":"follow","max-snippet":"max-snippet:-1","max-image-preview":"max-image-preview:large","max-video-preview":"max-video-preview:-1"},"canonical":"https:\/\/osmanoglumermer.com.tr\/?page_id=6799","og_locale":"tr_TR","og_type":"article","og_title":"Asans\u00f6r S\u00f6vesi - Adana Mermer","og_description":"Apartman, otel, okul, hastane veya \u015firket binalar\u0131n\u0131z\u0131n asans\u00f6rleri Osmano\u011flu Mermer ve Granit asans\u00f6r s\u00f6vesi kaplamalar\u0131yla hem \u015f\u0131kl\u0131\u011fa hem de y\u0131llara meydan okuyan bir dayan\u0131kl\u0131l\u0131\u011fa kavu\u015facak.","og_url":"https:\/\/osmanoglumermer.com.tr\/?page_id=6799","og_site_name":"Adana Mermer","twitter_card":"summary_large_image","schema":{"@context":"https:\/\/schema.org","@graph":[{"@type":"WebPage","@id":"https:\/\/osmanoglumermer.com.tr\/?page_id=6799","url":"https:\/\/osmanoglumermer.com.tr\/?page_id=6799","name":"Asans\u00f6r S\u00f6vesi - Adana Mermer","isPartOf":{"@id":"https:\/\/osmanoglumermer.com.tr\/#website"},"datePublished":"2024-09-24T14:31:14+00:00","dateModified":"2024-09-24T14:31:14+00:00","breadcrumb":{"@id":"https:\/\/osmanoglumermer.com.tr\/?page_id=6799#breadcrumb"},"inLanguage":"tr","potentialAction":[{"@type":"ReadAction","target":["https:\/\/osmanoglumermer.com.tr\/?page_id=6799"]}]},{"@type":"BreadcrumbList","@id":"https:\/\/osmanoglumermer.com.tr\/?page_id=6799#breadcrumb","itemListElement":[{"@type":"ListItem","position":1,"name":"Anasayfa","item":"https:\/\/osmanoglumermer.com.tr\/"},{"@type":"ListItem","position":2,"name":"Asans\u00f6r S\u00f6vesi"}]},{"@type":"WebSite","@id":"https:\/\/osmanoglumermer.com.tr\/#website","url":"https:\/\/osmanoglumermer.com.tr\/","name":"Adana Mermer","description":"","potentialAction":[{"@type":"SearchAction","target":{"@type":"EntryPoint","urlTemplate":"https:\/\/osmanoglumermer.com.tr\/?s={search_term_string}"},"query-input":{"@type":"PropertyValueSpecification","valueRequired":true,"valueName":"search_term_string"}}],"inLanguage":"tr"}]}},"_links":{"self":[{"href":"https:\/\/osmanoglumermer.com.tr\/index.php?rest_route=\/wp\/v2\/pages\/6799"}],"collection":[{"href":"https:\/\/osmanoglumermer.com.tr\/index.php?rest_route=\/wp\/v2\/pages"}],"about":[{"href":"https:\/\/osmanoglumermer.com.tr\/index.php?rest_route=\/wp\/v2\/types\/page"}],"author":[{"embeddable":true,"href":"https:\/\/osmanoglumermer.com.tr\/index.php?rest_route=\/wp\/v2\/users\/1"}],"replies":[{"embeddable":true,"href":"https:\/\/osmanoglumermer.com.tr\/index.php?rest_route=%2Fwp%2Fv2%2Fcomments&post=6799"}],"version-history":[{"count":1,"href":"https:\/\/osmanoglumermer.com.tr\/index.php?rest_route=\/wp\/v2\/pages\/6799\/revisions"}],"predecessor-version":[{"id":6800,"href":"https:\/\/osmanoglumermer.com.tr\/index.php?rest_route=\/wp\/v2\/pages\/6799\/revisions\/6800"}],"wp:attachment":[{"href":"https:\/\/osmanoglumermer.com.tr\/index.php?rest_route=%2Fwp%2Fv2%2Fmedia&parent=6799"}],"curies":[{"name":"wp","href":"https:\/\/api.w.org\/{rel}","templated":true}]}}