{"id":6797,"date":"2024-09-24T14:30:47","date_gmt":"2024-09-24T14:30:47","guid":{"rendered":"https:\/\/osmanoglumermer.com.tr\/?page_id=6797"},"modified":"2024-09-24T14:30:49","modified_gmt":"2024-09-24T14:30:49","slug":"banyo-tezgahi","status":"publish","type":"page","link":"https:\/\/osmanoglumermer.com.tr\/?page_id=6797","title":{"rendered":"Banyo Tezgah\u0131"},"content":{"rendered":"\n<p>Banyolar\u0131n\u0131z\u0131n, t\u0131pk\u0131 di\u011fer odalar gibi ki\u015fili\u011finizi yans\u0131tmas\u0131 art\u0131k g\u00fc\u00e7 de\u011fil. Osmano\u011flu Mermer\u2019in \u00fcretti\u011fi dayan\u0131kl\u0131 granit, her devrin modas\u0131 mermer ve g\u00f6z al\u0131c\u0131 \u00e7imstone banyo tezgahlar\u0131yla siz de l\u00fckse uygun fiyatlarla sahip olacaks\u0131n\u0131z.<\/p>\n","protected":false},"excerpt":{"rendered":"<p>Banyolar\u0131n\u0131z\u0131n, t\u0131pk\u0131 di\u011fer odalar gibi ki\u015fili\u011finizi yans\u0131tmas\u0131 art\u0131k g\u00fc\u00e7 de\u011fil. Osmano\u011flu Mermer\u2019in \u00fcretti\u011fi dayan\u0131kl\u0131 granit, her devrin modas\u0131 mermer ve g\u00f6z al\u0131c\u0131 \u00e7imstone banyo tezgahlar\u0131yla siz de l\u00fckse uygun fiyatlarla sahip olacaks\u0131n\u0131z.<\/p>\n","protected":false},"author":1,"featured_media":0,"parent":0,"menu_order":0,"comment_status":"closed","ping_status":"closed","template":"","meta":{"_acf_changed":false,"_monsterinsights_skip_tracking":false,"_monsterinsights_sitenote_active":false,"_monsterinsights_sitenote_note":"","_monsterinsights_sitenote_category":0,"footnotes":""},"class_list":["post-6797","page","type-page","status-publish","hentry"],"acf":[],"yoast_head":"<!-- This site is optimized with the Yoast SEO plugin v23.5 - https:\/\/yoast.com\/wordpress\/plugins\/seo\/ -->\n<title>Banyo Tezgah\u0131 - Adana Mermer<\/title>\n<meta name=\"robots\" content=\"index, follow, max-snippet:-1, max-image-preview:large, max-video-preview:-1\" \/>\n<link rel=\"canonical\" href=\"https:\/\/osmanoglumermer.com.tr\/?page_id=6797\" \/>\n<meta property=\"og:locale\" content=\"tr_TR\" \/>\n<meta property=\"og:type\" content=\"article\" \/>\n<meta property=\"og:title\" content=\"Banyo Tezgah\u0131 - Adana Mermer\" \/>\n<meta property=\"og:description\" content=\"Banyolar\u0131n\u0131z\u0131n, t\u0131pk\u0131 di\u011fer odalar gibi ki\u015fili\u011finizi yans\u0131tmas\u0131 art\u0131k g\u00fc\u00e7 de\u011fil. Osmano\u011flu Mermer\u2019in \u00fcretti\u011fi dayan\u0131kl\u0131 granit, her devrin modas\u0131 mermer ve g\u00f6z al\u0131c\u0131 \u00e7imstone banyo tezgahlar\u0131yla siz de l\u00fckse uygun fiyatlarla sahip olacaks\u0131n\u0131z.\" \/>\n<meta property=\"og:url\" content=\"https:\/\/osmanoglumermer.com.tr\/?page_id=6797\" \/>\n<meta property=\"og:site_name\" content=\"Adana Mermer\" \/>\n<meta property=\"article:modified_time\" content=\"2024-09-24T14:30:49+00:00\" \/>\n<meta name=\"twitter:card\" content=\"summary_large_image\" \/>\n<script type=\"application\/ld+json\" class=\"yoast-schema-graph\">{\"@context\":\"https:\/\/schema.org\",\"@graph\":[{\"@type\":\"WebPage\",\"@id\":\"https:\/\/osmanoglumermer.com.tr\/?page_id=6797\",\"url\":\"https:\/\/osmanoglumermer.com.tr\/?page_id=6797\",\"name\":\"Banyo Tezgah\u0131 - Adana Mermer\",\"isPartOf\":{\"@id\":\"https:\/\/osmanoglumermer.com.tr\/#website\"},\"datePublished\":\"2024-09-24T14:30:47+00:00\",\"dateModified\":\"2024-09-24T14:30:49+00:00\",\"breadcrumb\":{\"@id\":\"https:\/\/osmanoglumermer.com.tr\/?page_id=6797#breadcrumb\"},\"inLanguage\":\"tr\",\"potentialAction\":[{\"@type\":\"ReadAction\",\"target\":[\"https:\/\/osmanoglumermer.com.tr\/?page_id=6797\"]}]},{\"@type\":\"BreadcrumbList\",\"@id\":\"https:\/\/osmanoglumermer.com.tr\/?page_id=6797#breadcrumb\",\"itemListElement\":[{\"@type\":\"ListItem\",\"position\":1,\"name\":\"Anasayfa\",\"item\":\"https:\/\/osmanoglumermer.com.tr\/\"},{\"@type\":\"ListItem\",\"position\":2,\"name\":\"Banyo Tezgah\u0131\"}]},{\"@type\":\"WebSite\",\"@id\":\"https:\/\/osmanoglumermer.com.tr\/#website\",\"url\":\"https:\/\/osmanoglumermer.com.tr\/\",\"name\":\"Adana Mermer\",\"description\":\"\",\"potentialAction\":[{\"@type\":\"SearchAction\",\"target\":{\"@type\":\"EntryPoint\",\"urlTemplate\":\"https:\/\/osmanoglumermer.com.tr\/?s={search_term_string}\"},\"query-input\":{\"@type\":\"PropertyValueSpecification\",\"valueRequired\":true,\"valueName\":\"search_term_string\"}}],\"inLanguage\":\"tr\"}]}<\/script>\n<!-- \/ Yoast SEO plugin. -->","yoast_head_json":{"title":"Banyo Tezgah\u0131 - Adana Mermer","robots":{"index":"index","follow":"follow","max-snippet":"max-snippet:-1","max-image-preview":"max-image-preview:large","max-video-preview":"max-video-preview:-1"},"canonical":"https:\/\/osmanoglumermer.com.tr\/?page_id=6797","og_locale":"tr_TR","og_type":"article","og_title":"Banyo Tezgah\u0131 - Adana Mermer","og_description":"Banyolar\u0131n\u0131z\u0131n, t\u0131pk\u0131 di\u011fer odalar gibi ki\u015fili\u011finizi yans\u0131tmas\u0131 art\u0131k g\u00fc\u00e7 de\u011fil. Osmano\u011flu Mermer\u2019in \u00fcretti\u011fi dayan\u0131kl\u0131 granit, her devrin modas\u0131 mermer ve g\u00f6z al\u0131c\u0131 \u00e7imstone banyo tezgahlar\u0131yla siz de l\u00fckse uygun fiyatlarla sahip olacaks\u0131n\u0131z.","og_url":"https:\/\/osmanoglumermer.com.tr\/?page_id=6797","og_site_name":"Adana Mermer","article_modified_time":"2024-09-24T14:30:49+00:00","twitter_card":"summary_large_image","schema":{"@context":"https:\/\/schema.org","@graph":[{"@type":"WebPage","@id":"https:\/\/osmanoglumermer.com.tr\/?page_id=6797","url":"https:\/\/osmanoglumermer.com.tr\/?page_id=6797","name":"Banyo Tezgah\u0131 - Adana Mermer","isPartOf":{"@id":"https:\/\/osmanoglumermer.com.tr\/#website"},"datePublished":"2024-09-24T14:30:47+00:00","dateModified":"2024-09-24T14:30:49+00:00","breadcrumb":{"@id":"https:\/\/osmanoglumermer.com.tr\/?page_id=6797#breadcrumb"},"inLanguage":"tr","potentialAction":[{"@type":"ReadAction","target":["https:\/\/osmanoglumermer.com.tr\/?page_id=6797"]}]},{"@type":"BreadcrumbList","@id":"https:\/\/osmanoglumermer.com.tr\/?page_id=6797#breadcrumb","itemListElement":[{"@type":"ListItem","position":1,"name":"Anasayfa","item":"https:\/\/osmanoglumermer.com.tr\/"},{"@type":"ListItem","position":2,"name":"Banyo Tezgah\u0131"}]},{"@type":"WebSite","@id":"https:\/\/osmanoglumermer.com.tr\/#website","url":"https:\/\/osmanoglumermer.com.tr\/","name":"Adana Mermer","description":"","potentialAction":[{"@type":"SearchAction","target":{"@type":"EntryPoint","urlTemplate":"https:\/\/osmanoglumermer.com.tr\/?s={search_term_string}"},"query-input":{"@type":"PropertyValueSpecification","valueRequired":true,"valueName":"search_term_string"}}],"inLanguage":"tr"}]}},"_links":{"self":[{"href":"https:\/\/osmanoglumermer.com.tr\/index.php?rest_route=\/wp\/v2\/pages\/6797"}],"collection":[{"href":"https:\/\/osmanoglumermer.com.tr\/index.php?rest_route=\/wp\/v2\/pages"}],"about":[{"href":"https:\/\/osmanoglumermer.com.tr\/index.php?rest_route=\/wp\/v2\/types\/page"}],"author":[{"embeddable":true,"href":"https:\/\/osmanoglumermer.com.tr\/index.php?rest_route=\/wp\/v2\/users\/1"}],"replies":[{"embeddable":true,"href":"https:\/\/osmanoglumermer.com.tr\/index.php?rest_route=%2Fwp%2Fv2%2Fcomments&post=6797"}],"version-history":[{"count":1,"href":"https:\/\/osmanoglumermer.com.tr\/index.php?rest_route=\/wp\/v2\/pages\/6797\/revisions"}],"predecessor-version":[{"id":6798,"href":"https:\/\/osmanoglumermer.com.tr\/index.php?rest_route=\/wp\/v2\/pages\/6797\/revisions\/6798"}],"wp:attachment":[{"href":"https:\/\/osmanoglumermer.com.tr\/index.php?rest_route=%2Fwp%2Fv2%2Fmedia&parent=6797"}],"curies":[{"name":"wp","href":"https:\/\/api.w.org\/{rel}","templated":true}]}}