{"id":6795,"date":"2024-09-24T14:30:16","date_gmt":"2024-09-24T14:30:16","guid":{"rendered":"https:\/\/osmanoglumermer.com.tr\/?page_id=6795"},"modified":"2024-09-24T14:30:17","modified_gmt":"2024-09-24T14:30:17","slug":"sehpa-konsol-uygulamalari","status":"publish","type":"page","link":"https:\/\/osmanoglumermer.com.tr\/?page_id=6795","title":{"rendered":"Sehpa &#038; Konsol Uygulamalar\u0131"},"content":{"rendered":"\n<p>Mobilyalar\u0131n tasar\u0131m\u0131 kadar dayan\u0131kl\u0131l\u0131\u011f\u0131 da ay\u0131rt edici bir \u00f6zellik. E\u011fer ger\u00e7ekten dayan\u0131kl\u0131 ve bir o kadar da \u015f\u0131k masa, sehpa ve konsollara sahip olmak istiyorsan\u0131z Serta\u015f Mermer do\u011fru adres. \u00c7imstone, mermer ve granit sehpa modelleri ile yaln\u0131zca dayan\u0131kl\u0131 \u00fcr\u00fcnlere de\u011fil, harika tasar\u0131mlara da sahip olacaks\u0131n\u0131z.<\/p>\n","protected":false},"excerpt":{"rendered":"<p>Mobilyalar\u0131n tasar\u0131m\u0131 kadar dayan\u0131kl\u0131l\u0131\u011f\u0131 da ay\u0131rt edici bir \u00f6zellik. E\u011fer ger\u00e7ekten dayan\u0131kl\u0131 ve bir o kadar da \u015f\u0131k masa, sehpa ve konsollara sahip olmak istiyorsan\u0131z Serta\u015f Mermer do\u011fru adres. \u00c7imstone, mermer ve granit sehpa modelleri ile yaln\u0131zca dayan\u0131kl\u0131 \u00fcr\u00fcnlere de\u011fil, harika tasar\u0131mlara da sahip olacaks\u0131n\u0131z.<\/p>\n","protected":false},"author":1,"featured_media":0,"parent":0,"menu_order":0,"comment_status":"closed","ping_status":"closed","template":"","meta":{"_acf_changed":false,"_monsterinsights_skip_tracking":false,"_monsterinsights_sitenote_active":false,"_monsterinsights_sitenote_note":"","_monsterinsights_sitenote_category":0,"footnotes":""},"class_list":["post-6795","page","type-page","status-publish","hentry"],"acf":[],"yoast_head":"<!-- This site is optimized with the Yoast SEO plugin v23.5 - https:\/\/yoast.com\/wordpress\/plugins\/seo\/ -->\n<title>Sehpa &amp; Konsol Uygulamalar\u0131 - Adana Mermer<\/title>\n<meta name=\"robots\" content=\"index, follow, max-snippet:-1, max-image-preview:large, max-video-preview:-1\" \/>\n<link rel=\"canonical\" href=\"https:\/\/osmanoglumermer.com.tr\/?page_id=6795\" \/>\n<meta property=\"og:locale\" content=\"tr_TR\" \/>\n<meta property=\"og:type\" content=\"article\" \/>\n<meta property=\"og:title\" content=\"Sehpa &amp; Konsol Uygulamalar\u0131 - Adana Mermer\" \/>\n<meta property=\"og:description\" content=\"Mobilyalar\u0131n tasar\u0131m\u0131 kadar dayan\u0131kl\u0131l\u0131\u011f\u0131 da ay\u0131rt edici bir \u00f6zellik. E\u011fer ger\u00e7ekten dayan\u0131kl\u0131 ve bir o kadar da \u015f\u0131k masa, sehpa ve konsollara sahip olmak istiyorsan\u0131z Serta\u015f Mermer do\u011fru adres. \u00c7imstone, mermer ve granit sehpa modelleri ile yaln\u0131zca dayan\u0131kl\u0131 \u00fcr\u00fcnlere de\u011fil, harika tasar\u0131mlara da sahip olacaks\u0131n\u0131z.\" \/>\n<meta property=\"og:url\" content=\"https:\/\/osmanoglumermer.com.tr\/?page_id=6795\" \/>\n<meta property=\"og:site_name\" content=\"Adana Mermer\" \/>\n<meta property=\"article:modified_time\" content=\"2024-09-24T14:30:17+00:00\" \/>\n<meta name=\"twitter:card\" content=\"summary_large_image\" \/>\n<script type=\"application\/ld+json\" class=\"yoast-schema-graph\">{\"@context\":\"https:\/\/schema.org\",\"@graph\":[{\"@type\":\"WebPage\",\"@id\":\"https:\/\/osmanoglumermer.com.tr\/?page_id=6795\",\"url\":\"https:\/\/osmanoglumermer.com.tr\/?page_id=6795\",\"name\":\"Sehpa & Konsol Uygulamalar\u0131 - Adana Mermer\",\"isPartOf\":{\"@id\":\"https:\/\/osmanoglumermer.com.tr\/#website\"},\"datePublished\":\"2024-09-24T14:30:16+00:00\",\"dateModified\":\"2024-09-24T14:30:17+00:00\",\"breadcrumb\":{\"@id\":\"https:\/\/osmanoglumermer.com.tr\/?page_id=6795#breadcrumb\"},\"inLanguage\":\"tr\",\"potentialAction\":[{\"@type\":\"ReadAction\",\"target\":[\"https:\/\/osmanoglumermer.com.tr\/?page_id=6795\"]}]},{\"@type\":\"BreadcrumbList\",\"@id\":\"https:\/\/osmanoglumermer.com.tr\/?page_id=6795#breadcrumb\",\"itemListElement\":[{\"@type\":\"ListItem\",\"position\":1,\"name\":\"Anasayfa\",\"item\":\"https:\/\/osmanoglumermer.com.tr\/\"},{\"@type\":\"ListItem\",\"position\":2,\"name\":\"Sehpa &#038; Konsol Uygulamalar\u0131\"}]},{\"@type\":\"WebSite\",\"@id\":\"https:\/\/osmanoglumermer.com.tr\/#website\",\"url\":\"https:\/\/osmanoglumermer.com.tr\/\",\"name\":\"Adana Mermer\",\"description\":\"\",\"potentialAction\":[{\"@type\":\"SearchAction\",\"target\":{\"@type\":\"EntryPoint\",\"urlTemplate\":\"https:\/\/osmanoglumermer.com.tr\/?s={search_term_string}\"},\"query-input\":{\"@type\":\"PropertyValueSpecification\",\"valueRequired\":true,\"valueName\":\"search_term_string\"}}],\"inLanguage\":\"tr\"}]}<\/script>\n<!-- \/ Yoast SEO plugin. -->","yoast_head_json":{"title":"Sehpa & Konsol Uygulamalar\u0131 - Adana Mermer","robots":{"index":"index","follow":"follow","max-snippet":"max-snippet:-1","max-image-preview":"max-image-preview:large","max-video-preview":"max-video-preview:-1"},"canonical":"https:\/\/osmanoglumermer.com.tr\/?page_id=6795","og_locale":"tr_TR","og_type":"article","og_title":"Sehpa & Konsol Uygulamalar\u0131 - Adana Mermer","og_description":"Mobilyalar\u0131n tasar\u0131m\u0131 kadar dayan\u0131kl\u0131l\u0131\u011f\u0131 da ay\u0131rt edici bir \u00f6zellik. E\u011fer ger\u00e7ekten dayan\u0131kl\u0131 ve bir o kadar da \u015f\u0131k masa, sehpa ve konsollara sahip olmak istiyorsan\u0131z Serta\u015f Mermer do\u011fru adres. \u00c7imstone, mermer ve granit sehpa modelleri ile yaln\u0131zca dayan\u0131kl\u0131 \u00fcr\u00fcnlere de\u011fil, harika tasar\u0131mlara da sahip olacaks\u0131n\u0131z.","og_url":"https:\/\/osmanoglumermer.com.tr\/?page_id=6795","og_site_name":"Adana Mermer","article_modified_time":"2024-09-24T14:30:17+00:00","twitter_card":"summary_large_image","schema":{"@context":"https:\/\/schema.org","@graph":[{"@type":"WebPage","@id":"https:\/\/osmanoglumermer.com.tr\/?page_id=6795","url":"https:\/\/osmanoglumermer.com.tr\/?page_id=6795","name":"Sehpa & Konsol Uygulamalar\u0131 - Adana Mermer","isPartOf":{"@id":"https:\/\/osmanoglumermer.com.tr\/#website"},"datePublished":"2024-09-24T14:30:16+00:00","dateModified":"2024-09-24T14:30:17+00:00","breadcrumb":{"@id":"https:\/\/osmanoglumermer.com.tr\/?page_id=6795#breadcrumb"},"inLanguage":"tr","potentialAction":[{"@type":"ReadAction","target":["https:\/\/osmanoglumermer.com.tr\/?page_id=6795"]}]},{"@type":"BreadcrumbList","@id":"https:\/\/osmanoglumermer.com.tr\/?page_id=6795#breadcrumb","itemListElement":[{"@type":"ListItem","position":1,"name":"Anasayfa","item":"https:\/\/osmanoglumermer.com.tr\/"},{"@type":"ListItem","position":2,"name":"Sehpa &#038; Konsol Uygulamalar\u0131"}]},{"@type":"WebSite","@id":"https:\/\/osmanoglumermer.com.tr\/#website","url":"https:\/\/osmanoglumermer.com.tr\/","name":"Adana Mermer","description":"","potentialAction":[{"@type":"SearchAction","target":{"@type":"EntryPoint","urlTemplate":"https:\/\/osmanoglumermer.com.tr\/?s={search_term_string}"},"query-input":{"@type":"PropertyValueSpecification","valueRequired":true,"valueName":"search_term_string"}}],"inLanguage":"tr"}]}},"_links":{"self":[{"href":"https:\/\/osmanoglumermer.com.tr\/index.php?rest_route=\/wp\/v2\/pages\/6795"}],"collection":[{"href":"https:\/\/osmanoglumermer.com.tr\/index.php?rest_route=\/wp\/v2\/pages"}],"about":[{"href":"https:\/\/osmanoglumermer.com.tr\/index.php?rest_route=\/wp\/v2\/types\/page"}],"author":[{"embeddable":true,"href":"https:\/\/osmanoglumermer.com.tr\/index.php?rest_route=\/wp\/v2\/users\/1"}],"replies":[{"embeddable":true,"href":"https:\/\/osmanoglumermer.com.tr\/index.php?rest_route=%2Fwp%2Fv2%2Fcomments&post=6795"}],"version-history":[{"count":1,"href":"https:\/\/osmanoglumermer.com.tr\/index.php?rest_route=\/wp\/v2\/pages\/6795\/revisions"}],"predecessor-version":[{"id":6796,"href":"https:\/\/osmanoglumermer.com.tr\/index.php?rest_route=\/wp\/v2\/pages\/6795\/revisions\/6796"}],"wp:attachment":[{"href":"https:\/\/osmanoglumermer.com.tr\/index.php?rest_route=%2Fwp%2Fv2%2Fmedia&parent=6795"}],"curies":[{"name":"wp","href":"https:\/\/api.w.org\/{rel}","templated":true}]}}