{"id":6791,"date":"2024-09-24T14:29:23","date_gmt":"2024-09-24T14:29:23","guid":{"rendered":"https:\/\/osmanoglumermer.com.tr\/?page_id=6791"},"modified":"2024-09-24T14:29:23","modified_gmt":"2024-09-24T14:29:23","slug":"yer-dosemesi","status":"publish","type":"page","link":"https:\/\/osmanoglumermer.com.tr\/?page_id=6791","title":{"rendered":"Yer D\u00f6\u015femesi"},"content":{"rendered":"\n<p>Yer D\u00f6\u015feme sekt\u00f6r\u00fcnde b\u00fcy\u00fck i\u015flere imza atan OSMANO\u011eLU MERMER olarak hizmetinizdeyiz. Fiyat ve model \u00e7al\u0131\u015fmalar\u0131 ile ilgili bilgiler i\u00e7in bizimle ileti\u015fime ge\u00e7iniz. Yer d\u00f6\u015feme uygulamas\u0131 yapt\u0131rmak istedi\u011finiz b\u00f6lge i\u00e7in \u00fccretsiz ke\u015fif \u00e7al\u0131\u015fmas\u0131n\u0131 ADANA i\u00e7inde yapabilmekteyiz. Bunun d\u0131\u015f\u0131nda granit, mermer, ta\u015f gibi yer d\u00f6\u015feme malzemeleri kullanarak hem dayan\u0131kl\u0131 hemde modern secenekler sunarak m\u00fc\u015fterilerimize en iyi hizmet sunmaktay\u0131z.<\/p>\n","protected":false},"excerpt":{"rendered":"<p>Yer D\u00f6\u015feme sekt\u00f6r\u00fcnde b\u00fcy\u00fck i\u015flere imza atan OSMANO\u011eLU MERMER olarak hizmetinizdeyiz. Fiyat ve model \u00e7al\u0131\u015fmalar\u0131 ile ilgili bilgiler i\u00e7in bizimle ileti\u015fime ge\u00e7iniz. Yer d\u00f6\u015feme uygulamas\u0131 yapt\u0131rmak istedi\u011finiz b\u00f6lge i\u00e7in \u00fccretsiz ke\u015fif \u00e7al\u0131\u015fmas\u0131n\u0131 ADANA i\u00e7inde yapabilmekteyiz. Bunun d\u0131\u015f\u0131nda granit, mermer, ta\u015f gibi yer d\u00f6\u015feme malzemeleri kullanarak hem dayan\u0131kl\u0131 hemde modern secenekler sunarak m\u00fc\u015fterilerimize en iyi hizmet [&hellip;]<\/p>\n","protected":false},"author":1,"featured_media":0,"parent":0,"menu_order":0,"comment_status":"closed","ping_status":"closed","template":"","meta":{"_acf_changed":false,"_monsterinsights_skip_tracking":false,"_monsterinsights_sitenote_active":false,"_monsterinsights_sitenote_note":"","_monsterinsights_sitenote_category":0,"footnotes":""},"class_list":["post-6791","page","type-page","status-publish","hentry"],"acf":[],"yoast_head":"<!-- This site is optimized with the Yoast SEO plugin v23.5 - https:\/\/yoast.com\/wordpress\/plugins\/seo\/ -->\n<title>Yer D\u00f6\u015femesi - Adana Mermer<\/title>\n<meta name=\"robots\" content=\"index, follow, max-snippet:-1, max-image-preview:large, max-video-preview:-1\" \/>\n<link rel=\"canonical\" href=\"https:\/\/osmanoglumermer.com.tr\/?page_id=6791\" \/>\n<meta property=\"og:locale\" content=\"tr_TR\" \/>\n<meta property=\"og:type\" content=\"article\" \/>\n<meta property=\"og:title\" content=\"Yer D\u00f6\u015femesi - Adana Mermer\" \/>\n<meta property=\"og:description\" content=\"Yer D\u00f6\u015feme sekt\u00f6r\u00fcnde b\u00fcy\u00fck i\u015flere imza atan OSMANO\u011eLU MERMER olarak hizmetinizdeyiz. Fiyat ve model \u00e7al\u0131\u015fmalar\u0131 ile ilgili bilgiler i\u00e7in bizimle ileti\u015fime ge\u00e7iniz. Yer d\u00f6\u015feme uygulamas\u0131 yapt\u0131rmak istedi\u011finiz b\u00f6lge i\u00e7in \u00fccretsiz ke\u015fif \u00e7al\u0131\u015fmas\u0131n\u0131 ADANA i\u00e7inde yapabilmekteyiz. Bunun d\u0131\u015f\u0131nda granit, mermer, ta\u015f gibi yer d\u00f6\u015feme malzemeleri kullanarak hem dayan\u0131kl\u0131 hemde modern secenekler sunarak m\u00fc\u015fterilerimize en iyi hizmet [&hellip;]\" \/>\n<meta property=\"og:url\" content=\"https:\/\/osmanoglumermer.com.tr\/?page_id=6791\" \/>\n<meta property=\"og:site_name\" content=\"Adana Mermer\" \/>\n<meta name=\"twitter:card\" content=\"summary_large_image\" \/>\n<script type=\"application\/ld+json\" class=\"yoast-schema-graph\">{\"@context\":\"https:\/\/schema.org\",\"@graph\":[{\"@type\":\"WebPage\",\"@id\":\"https:\/\/osmanoglumermer.com.tr\/?page_id=6791\",\"url\":\"https:\/\/osmanoglumermer.com.tr\/?page_id=6791\",\"name\":\"Yer D\u00f6\u015femesi - Adana Mermer\",\"isPartOf\":{\"@id\":\"https:\/\/osmanoglumermer.com.tr\/#website\"},\"datePublished\":\"2024-09-24T14:29:23+00:00\",\"dateModified\":\"2024-09-24T14:29:23+00:00\",\"breadcrumb\":{\"@id\":\"https:\/\/osmanoglumermer.com.tr\/?page_id=6791#breadcrumb\"},\"inLanguage\":\"tr\",\"potentialAction\":[{\"@type\":\"ReadAction\",\"target\":[\"https:\/\/osmanoglumermer.com.tr\/?page_id=6791\"]}]},{\"@type\":\"BreadcrumbList\",\"@id\":\"https:\/\/osmanoglumermer.com.tr\/?page_id=6791#breadcrumb\",\"itemListElement\":[{\"@type\":\"ListItem\",\"position\":1,\"name\":\"Anasayfa\",\"item\":\"https:\/\/osmanoglumermer.com.tr\/\"},{\"@type\":\"ListItem\",\"position\":2,\"name\":\"Yer D\u00f6\u015femesi\"}]},{\"@type\":\"WebSite\",\"@id\":\"https:\/\/osmanoglumermer.com.tr\/#website\",\"url\":\"https:\/\/osmanoglumermer.com.tr\/\",\"name\":\"Adana Mermer\",\"description\":\"\",\"potentialAction\":[{\"@type\":\"SearchAction\",\"target\":{\"@type\":\"EntryPoint\",\"urlTemplate\":\"https:\/\/osmanoglumermer.com.tr\/?s={search_term_string}\"},\"query-input\":{\"@type\":\"PropertyValueSpecification\",\"valueRequired\":true,\"valueName\":\"search_term_string\"}}],\"inLanguage\":\"tr\"}]}<\/script>\n<!-- \/ Yoast SEO plugin. -->","yoast_head_json":{"title":"Yer D\u00f6\u015femesi - Adana Mermer","robots":{"index":"index","follow":"follow","max-snippet":"max-snippet:-1","max-image-preview":"max-image-preview:large","max-video-preview":"max-video-preview:-1"},"canonical":"https:\/\/osmanoglumermer.com.tr\/?page_id=6791","og_locale":"tr_TR","og_type":"article","og_title":"Yer D\u00f6\u015femesi - Adana Mermer","og_description":"Yer D\u00f6\u015feme sekt\u00f6r\u00fcnde b\u00fcy\u00fck i\u015flere imza atan OSMANO\u011eLU MERMER olarak hizmetinizdeyiz. Fiyat ve model \u00e7al\u0131\u015fmalar\u0131 ile ilgili bilgiler i\u00e7in bizimle ileti\u015fime ge\u00e7iniz. Yer d\u00f6\u015feme uygulamas\u0131 yapt\u0131rmak istedi\u011finiz b\u00f6lge i\u00e7in \u00fccretsiz ke\u015fif \u00e7al\u0131\u015fmas\u0131n\u0131 ADANA i\u00e7inde yapabilmekteyiz. Bunun d\u0131\u015f\u0131nda granit, mermer, ta\u015f gibi yer d\u00f6\u015feme malzemeleri kullanarak hem dayan\u0131kl\u0131 hemde modern secenekler sunarak m\u00fc\u015fterilerimize en iyi hizmet [&hellip;]","og_url":"https:\/\/osmanoglumermer.com.tr\/?page_id=6791","og_site_name":"Adana Mermer","twitter_card":"summary_large_image","schema":{"@context":"https:\/\/schema.org","@graph":[{"@type":"WebPage","@id":"https:\/\/osmanoglumermer.com.tr\/?page_id=6791","url":"https:\/\/osmanoglumermer.com.tr\/?page_id=6791","name":"Yer D\u00f6\u015femesi - Adana Mermer","isPartOf":{"@id":"https:\/\/osmanoglumermer.com.tr\/#website"},"datePublished":"2024-09-24T14:29:23+00:00","dateModified":"2024-09-24T14:29:23+00:00","breadcrumb":{"@id":"https:\/\/osmanoglumermer.com.tr\/?page_id=6791#breadcrumb"},"inLanguage":"tr","potentialAction":[{"@type":"ReadAction","target":["https:\/\/osmanoglumermer.com.tr\/?page_id=6791"]}]},{"@type":"BreadcrumbList","@id":"https:\/\/osmanoglumermer.com.tr\/?page_id=6791#breadcrumb","itemListElement":[{"@type":"ListItem","position":1,"name":"Anasayfa","item":"https:\/\/osmanoglumermer.com.tr\/"},{"@type":"ListItem","position":2,"name":"Yer D\u00f6\u015femesi"}]},{"@type":"WebSite","@id":"https:\/\/osmanoglumermer.com.tr\/#website","url":"https:\/\/osmanoglumermer.com.tr\/","name":"Adana Mermer","description":"","potentialAction":[{"@type":"SearchAction","target":{"@type":"EntryPoint","urlTemplate":"https:\/\/osmanoglumermer.com.tr\/?s={search_term_string}"},"query-input":{"@type":"PropertyValueSpecification","valueRequired":true,"valueName":"search_term_string"}}],"inLanguage":"tr"}]}},"_links":{"self":[{"href":"https:\/\/osmanoglumermer.com.tr\/index.php?rest_route=\/wp\/v2\/pages\/6791"}],"collection":[{"href":"https:\/\/osmanoglumermer.com.tr\/index.php?rest_route=\/wp\/v2\/pages"}],"about":[{"href":"https:\/\/osmanoglumermer.com.tr\/index.php?rest_route=\/wp\/v2\/types\/page"}],"author":[{"embeddable":true,"href":"https:\/\/osmanoglumermer.com.tr\/index.php?rest_route=\/wp\/v2\/users\/1"}],"replies":[{"embeddable":true,"href":"https:\/\/osmanoglumermer.com.tr\/index.php?rest_route=%2Fwp%2Fv2%2Fcomments&post=6791"}],"version-history":[{"count":1,"href":"https:\/\/osmanoglumermer.com.tr\/index.php?rest_route=\/wp\/v2\/pages\/6791\/revisions"}],"predecessor-version":[{"id":6792,"href":"https:\/\/osmanoglumermer.com.tr\/index.php?rest_route=\/wp\/v2\/pages\/6791\/revisions\/6792"}],"wp:attachment":[{"href":"https:\/\/osmanoglumermer.com.tr\/index.php?rest_route=%2Fwp%2Fv2%2Fmedia&parent=6791"}],"curies":[{"name":"wp","href":"https:\/\/api.w.org\/{rel}","templated":true}]}}