{"id":6789,"date":"2024-09-24T14:29:00","date_gmt":"2024-09-24T14:29:00","guid":{"rendered":"https:\/\/osmanoglumermer.com.tr\/?page_id=6789"},"modified":"2024-09-24T14:29:01","modified_gmt":"2024-09-24T14:29:01","slug":"apartman-girisi","status":"publish","type":"page","link":"https:\/\/osmanoglumermer.com.tr\/?page_id=6789","title":{"rendered":"Apartman Giri\u015fi"},"content":{"rendered":"\n<p>Apartman giri\u015flerinde granit, mermer, ta\u015f gibi yer d\u00f6\u015feme malzemeleri kullanarak hem dayan\u0131kl\u0131 hemde modern secenekler sunmaktay\u0131z.. Fiyat, g\u00f6rsellik, dayan\u0131kl\u0131k, estetik gibi \u00f6zelliklere dikkat ederek, OSMANO\u011eLU Mermer olarak siz m\u00fc\u015fterilerimizin istek ve taleplerini g\u00f6z \u00f6n\u00fcne alarak en iyi \u015fekilde hizmet sunmaktay\u0131z.<\/p>\n","protected":false},"excerpt":{"rendered":"<p>Apartman giri\u015flerinde granit, mermer, ta\u015f gibi yer d\u00f6\u015feme malzemeleri kullanarak hem dayan\u0131kl\u0131 hemde modern secenekler sunmaktay\u0131z.. Fiyat, g\u00f6rsellik, dayan\u0131kl\u0131k, estetik gibi \u00f6zelliklere dikkat ederek, OSMANO\u011eLU Mermer olarak siz m\u00fc\u015fterilerimizin istek ve taleplerini g\u00f6z \u00f6n\u00fcne alarak en iyi \u015fekilde hizmet sunmaktay\u0131z.<\/p>\n","protected":false},"author":1,"featured_media":0,"parent":0,"menu_order":0,"comment_status":"closed","ping_status":"closed","template":"","meta":{"_acf_changed":false,"_monsterinsights_skip_tracking":false,"_monsterinsights_sitenote_active":false,"_monsterinsights_sitenote_note":"","_monsterinsights_sitenote_category":0,"footnotes":""},"class_list":["post-6789","page","type-page","status-publish","hentry"],"acf":[],"yoast_head":"<!-- This site is optimized with the Yoast SEO plugin v23.5 - https:\/\/yoast.com\/wordpress\/plugins\/seo\/ -->\n<title>Apartman Giri\u015fi - Adana Mermer<\/title>\n<meta name=\"robots\" content=\"index, follow, max-snippet:-1, max-image-preview:large, max-video-preview:-1\" \/>\n<link rel=\"canonical\" href=\"https:\/\/osmanoglumermer.com.tr\/?page_id=6789\" \/>\n<meta property=\"og:locale\" content=\"tr_TR\" \/>\n<meta property=\"og:type\" content=\"article\" \/>\n<meta property=\"og:title\" content=\"Apartman Giri\u015fi - Adana Mermer\" \/>\n<meta property=\"og:description\" content=\"Apartman giri\u015flerinde granit, mermer, ta\u015f gibi yer d\u00f6\u015feme malzemeleri kullanarak hem dayan\u0131kl\u0131 hemde modern secenekler sunmaktay\u0131z.. Fiyat, g\u00f6rsellik, dayan\u0131kl\u0131k, estetik gibi \u00f6zelliklere dikkat ederek, OSMANO\u011eLU Mermer olarak siz m\u00fc\u015fterilerimizin istek ve taleplerini g\u00f6z \u00f6n\u00fcne alarak en iyi \u015fekilde hizmet sunmaktay\u0131z.\" \/>\n<meta property=\"og:url\" content=\"https:\/\/osmanoglumermer.com.tr\/?page_id=6789\" \/>\n<meta property=\"og:site_name\" content=\"Adana Mermer\" \/>\n<meta property=\"article:modified_time\" content=\"2024-09-24T14:29:01+00:00\" \/>\n<meta name=\"twitter:card\" content=\"summary_large_image\" \/>\n<script type=\"application\/ld+json\" class=\"yoast-schema-graph\">{\"@context\":\"https:\/\/schema.org\",\"@graph\":[{\"@type\":\"WebPage\",\"@id\":\"https:\/\/osmanoglumermer.com.tr\/?page_id=6789\",\"url\":\"https:\/\/osmanoglumermer.com.tr\/?page_id=6789\",\"name\":\"Apartman Giri\u015fi - Adana Mermer\",\"isPartOf\":{\"@id\":\"https:\/\/osmanoglumermer.com.tr\/#website\"},\"datePublished\":\"2024-09-24T14:29:00+00:00\",\"dateModified\":\"2024-09-24T14:29:01+00:00\",\"breadcrumb\":{\"@id\":\"https:\/\/osmanoglumermer.com.tr\/?page_id=6789#breadcrumb\"},\"inLanguage\":\"tr\",\"potentialAction\":[{\"@type\":\"ReadAction\",\"target\":[\"https:\/\/osmanoglumermer.com.tr\/?page_id=6789\"]}]},{\"@type\":\"BreadcrumbList\",\"@id\":\"https:\/\/osmanoglumermer.com.tr\/?page_id=6789#breadcrumb\",\"itemListElement\":[{\"@type\":\"ListItem\",\"position\":1,\"name\":\"Anasayfa\",\"item\":\"https:\/\/osmanoglumermer.com.tr\/\"},{\"@type\":\"ListItem\",\"position\":2,\"name\":\"Apartman Giri\u015fi\"}]},{\"@type\":\"WebSite\",\"@id\":\"https:\/\/osmanoglumermer.com.tr\/#website\",\"url\":\"https:\/\/osmanoglumermer.com.tr\/\",\"name\":\"Adana Mermer\",\"description\":\"\",\"potentialAction\":[{\"@type\":\"SearchAction\",\"target\":{\"@type\":\"EntryPoint\",\"urlTemplate\":\"https:\/\/osmanoglumermer.com.tr\/?s={search_term_string}\"},\"query-input\":{\"@type\":\"PropertyValueSpecification\",\"valueRequired\":true,\"valueName\":\"search_term_string\"}}],\"inLanguage\":\"tr\"}]}<\/script>\n<!-- \/ Yoast SEO plugin. -->","yoast_head_json":{"title":"Apartman Giri\u015fi - Adana Mermer","robots":{"index":"index","follow":"follow","max-snippet":"max-snippet:-1","max-image-preview":"max-image-preview:large","max-video-preview":"max-video-preview:-1"},"canonical":"https:\/\/osmanoglumermer.com.tr\/?page_id=6789","og_locale":"tr_TR","og_type":"article","og_title":"Apartman Giri\u015fi - Adana Mermer","og_description":"Apartman giri\u015flerinde granit, mermer, ta\u015f gibi yer d\u00f6\u015feme malzemeleri kullanarak hem dayan\u0131kl\u0131 hemde modern secenekler sunmaktay\u0131z.. Fiyat, g\u00f6rsellik, dayan\u0131kl\u0131k, estetik gibi \u00f6zelliklere dikkat ederek, OSMANO\u011eLU Mermer olarak siz m\u00fc\u015fterilerimizin istek ve taleplerini g\u00f6z \u00f6n\u00fcne alarak en iyi \u015fekilde hizmet sunmaktay\u0131z.","og_url":"https:\/\/osmanoglumermer.com.tr\/?page_id=6789","og_site_name":"Adana Mermer","article_modified_time":"2024-09-24T14:29:01+00:00","twitter_card":"summary_large_image","schema":{"@context":"https:\/\/schema.org","@graph":[{"@type":"WebPage","@id":"https:\/\/osmanoglumermer.com.tr\/?page_id=6789","url":"https:\/\/osmanoglumermer.com.tr\/?page_id=6789","name":"Apartman Giri\u015fi - Adana Mermer","isPartOf":{"@id":"https:\/\/osmanoglumermer.com.tr\/#website"},"datePublished":"2024-09-24T14:29:00+00:00","dateModified":"2024-09-24T14:29:01+00:00","breadcrumb":{"@id":"https:\/\/osmanoglumermer.com.tr\/?page_id=6789#breadcrumb"},"inLanguage":"tr","potentialAction":[{"@type":"ReadAction","target":["https:\/\/osmanoglumermer.com.tr\/?page_id=6789"]}]},{"@type":"BreadcrumbList","@id":"https:\/\/osmanoglumermer.com.tr\/?page_id=6789#breadcrumb","itemListElement":[{"@type":"ListItem","position":1,"name":"Anasayfa","item":"https:\/\/osmanoglumermer.com.tr\/"},{"@type":"ListItem","position":2,"name":"Apartman Giri\u015fi"}]},{"@type":"WebSite","@id":"https:\/\/osmanoglumermer.com.tr\/#website","url":"https:\/\/osmanoglumermer.com.tr\/","name":"Adana Mermer","description":"","potentialAction":[{"@type":"SearchAction","target":{"@type":"EntryPoint","urlTemplate":"https:\/\/osmanoglumermer.com.tr\/?s={search_term_string}"},"query-input":{"@type":"PropertyValueSpecification","valueRequired":true,"valueName":"search_term_string"}}],"inLanguage":"tr"}]}},"_links":{"self":[{"href":"https:\/\/osmanoglumermer.com.tr\/index.php?rest_route=\/wp\/v2\/pages\/6789"}],"collection":[{"href":"https:\/\/osmanoglumermer.com.tr\/index.php?rest_route=\/wp\/v2\/pages"}],"about":[{"href":"https:\/\/osmanoglumermer.com.tr\/index.php?rest_route=\/wp\/v2\/types\/page"}],"author":[{"embeddable":true,"href":"https:\/\/osmanoglumermer.com.tr\/index.php?rest_route=\/wp\/v2\/users\/1"}],"replies":[{"embeddable":true,"href":"https:\/\/osmanoglumermer.com.tr\/index.php?rest_route=%2Fwp%2Fv2%2Fcomments&post=6789"}],"version-history":[{"count":1,"href":"https:\/\/osmanoglumermer.com.tr\/index.php?rest_route=\/wp\/v2\/pages\/6789\/revisions"}],"predecessor-version":[{"id":6790,"href":"https:\/\/osmanoglumermer.com.tr\/index.php?rest_route=\/wp\/v2\/pages\/6789\/revisions\/6790"}],"wp:attachment":[{"href":"https:\/\/osmanoglumermer.com.tr\/index.php?rest_route=%2Fwp%2Fv2%2Fmedia&parent=6789"}],"curies":[{"name":"wp","href":"https:\/\/api.w.org\/{rel}","templated":true}]}}