{"id":6787,"date":"2024-09-24T14:28:35","date_gmt":"2024-09-24T14:28:35","guid":{"rendered":"https:\/\/osmanoglumermer.com.tr\/?page_id=6787"},"modified":"2024-09-24T14:28:36","modified_gmt":"2024-09-24T14:28:36","slug":"balkon-pencere-mermeri","status":"publish","type":"page","link":"https:\/\/osmanoglumermer.com.tr\/?page_id=6787","title":{"rendered":"Balkon &#038; Pencere Mermeri"},"content":{"rendered":"\n<p>K\u00fcpe\u015fte, Mermer ve Granit K\u00fcpe\u015fte \u00e7e\u015fitleri ile OSMANO\u011eLU MERMER olarak size pek \u00e7ok alternatif sunmaktay\u0131z. Merdiven k\u00fcpe\u015fte, balkon k\u00fcpe\u015fte, pencere k\u00fcpe\u015fte, havuz k\u00fcpe\u015fte ve di\u011fer t\u00fcm k\u00fcpe\u015fte \u00e7e\u015fitleri ile k\u00fcpe\u015fte fiyatlar\u0131 i\u00e7in bize ula\u015fabilir ve destek alabilirsiniz.<\/p>\n","protected":false},"excerpt":{"rendered":"<p>K\u00fcpe\u015fte, Mermer ve Granit K\u00fcpe\u015fte \u00e7e\u015fitleri ile OSMANO\u011eLU MERMER olarak size pek \u00e7ok alternatif sunmaktay\u0131z. Merdiven k\u00fcpe\u015fte, balkon k\u00fcpe\u015fte, pencere k\u00fcpe\u015fte, havuz k\u00fcpe\u015fte ve di\u011fer t\u00fcm k\u00fcpe\u015fte \u00e7e\u015fitleri ile k\u00fcpe\u015fte fiyatlar\u0131 i\u00e7in bize ula\u015fabilir ve destek alabilirsiniz.<\/p>\n","protected":false},"author":1,"featured_media":0,"parent":0,"menu_order":0,"comment_status":"closed","ping_status":"closed","template":"","meta":{"_acf_changed":false,"_monsterinsights_skip_tracking":false,"_monsterinsights_sitenote_active":false,"_monsterinsights_sitenote_note":"","_monsterinsights_sitenote_category":0,"footnotes":""},"class_list":["post-6787","page","type-page","status-publish","hentry"],"acf":[],"yoast_head":"<!-- This site is optimized with the Yoast SEO plugin v23.5 - https:\/\/yoast.com\/wordpress\/plugins\/seo\/ -->\n<title>Balkon &amp; Pencere Mermeri - Adana Mermer<\/title>\n<meta name=\"robots\" content=\"index, follow, max-snippet:-1, max-image-preview:large, max-video-preview:-1\" \/>\n<link rel=\"canonical\" href=\"https:\/\/osmanoglumermer.com.tr\/?page_id=6787\" \/>\n<meta property=\"og:locale\" content=\"tr_TR\" \/>\n<meta property=\"og:type\" content=\"article\" \/>\n<meta property=\"og:title\" content=\"Balkon &amp; Pencere Mermeri - Adana Mermer\" \/>\n<meta property=\"og:description\" content=\"K\u00fcpe\u015fte, Mermer ve Granit K\u00fcpe\u015fte \u00e7e\u015fitleri ile OSMANO\u011eLU MERMER olarak size pek \u00e7ok alternatif sunmaktay\u0131z. Merdiven k\u00fcpe\u015fte, balkon k\u00fcpe\u015fte, pencere k\u00fcpe\u015fte, havuz k\u00fcpe\u015fte ve di\u011fer t\u00fcm k\u00fcpe\u015fte \u00e7e\u015fitleri ile k\u00fcpe\u015fte fiyatlar\u0131 i\u00e7in bize ula\u015fabilir ve destek alabilirsiniz.\" \/>\n<meta property=\"og:url\" content=\"https:\/\/osmanoglumermer.com.tr\/?page_id=6787\" \/>\n<meta property=\"og:site_name\" content=\"Adana Mermer\" \/>\n<meta property=\"article:modified_time\" content=\"2024-09-24T14:28:36+00:00\" \/>\n<meta name=\"twitter:card\" content=\"summary_large_image\" \/>\n<script type=\"application\/ld+json\" class=\"yoast-schema-graph\">{\"@context\":\"https:\/\/schema.org\",\"@graph\":[{\"@type\":\"WebPage\",\"@id\":\"https:\/\/osmanoglumermer.com.tr\/?page_id=6787\",\"url\":\"https:\/\/osmanoglumermer.com.tr\/?page_id=6787\",\"name\":\"Balkon & Pencere Mermeri - Adana Mermer\",\"isPartOf\":{\"@id\":\"https:\/\/osmanoglumermer.com.tr\/#website\"},\"datePublished\":\"2024-09-24T14:28:35+00:00\",\"dateModified\":\"2024-09-24T14:28:36+00:00\",\"breadcrumb\":{\"@id\":\"https:\/\/osmanoglumermer.com.tr\/?page_id=6787#breadcrumb\"},\"inLanguage\":\"tr\",\"potentialAction\":[{\"@type\":\"ReadAction\",\"target\":[\"https:\/\/osmanoglumermer.com.tr\/?page_id=6787\"]}]},{\"@type\":\"BreadcrumbList\",\"@id\":\"https:\/\/osmanoglumermer.com.tr\/?page_id=6787#breadcrumb\",\"itemListElement\":[{\"@type\":\"ListItem\",\"position\":1,\"name\":\"Anasayfa\",\"item\":\"https:\/\/osmanoglumermer.com.tr\/\"},{\"@type\":\"ListItem\",\"position\":2,\"name\":\"Balkon &#038; Pencere Mermeri\"}]},{\"@type\":\"WebSite\",\"@id\":\"https:\/\/osmanoglumermer.com.tr\/#website\",\"url\":\"https:\/\/osmanoglumermer.com.tr\/\",\"name\":\"Adana Mermer\",\"description\":\"\",\"potentialAction\":[{\"@type\":\"SearchAction\",\"target\":{\"@type\":\"EntryPoint\",\"urlTemplate\":\"https:\/\/osmanoglumermer.com.tr\/?s={search_term_string}\"},\"query-input\":{\"@type\":\"PropertyValueSpecification\",\"valueRequired\":true,\"valueName\":\"search_term_string\"}}],\"inLanguage\":\"tr\"}]}<\/script>\n<!-- \/ Yoast SEO plugin. -->","yoast_head_json":{"title":"Balkon & Pencere Mermeri - Adana Mermer","robots":{"index":"index","follow":"follow","max-snippet":"max-snippet:-1","max-image-preview":"max-image-preview:large","max-video-preview":"max-video-preview:-1"},"canonical":"https:\/\/osmanoglumermer.com.tr\/?page_id=6787","og_locale":"tr_TR","og_type":"article","og_title":"Balkon & Pencere Mermeri - Adana Mermer","og_description":"K\u00fcpe\u015fte, Mermer ve Granit K\u00fcpe\u015fte \u00e7e\u015fitleri ile OSMANO\u011eLU MERMER olarak size pek \u00e7ok alternatif sunmaktay\u0131z. Merdiven k\u00fcpe\u015fte, balkon k\u00fcpe\u015fte, pencere k\u00fcpe\u015fte, havuz k\u00fcpe\u015fte ve di\u011fer t\u00fcm k\u00fcpe\u015fte \u00e7e\u015fitleri ile k\u00fcpe\u015fte fiyatlar\u0131 i\u00e7in bize ula\u015fabilir ve destek alabilirsiniz.","og_url":"https:\/\/osmanoglumermer.com.tr\/?page_id=6787","og_site_name":"Adana Mermer","article_modified_time":"2024-09-24T14:28:36+00:00","twitter_card":"summary_large_image","schema":{"@context":"https:\/\/schema.org","@graph":[{"@type":"WebPage","@id":"https:\/\/osmanoglumermer.com.tr\/?page_id=6787","url":"https:\/\/osmanoglumermer.com.tr\/?page_id=6787","name":"Balkon & Pencere Mermeri - Adana Mermer","isPartOf":{"@id":"https:\/\/osmanoglumermer.com.tr\/#website"},"datePublished":"2024-09-24T14:28:35+00:00","dateModified":"2024-09-24T14:28:36+00:00","breadcrumb":{"@id":"https:\/\/osmanoglumermer.com.tr\/?page_id=6787#breadcrumb"},"inLanguage":"tr","potentialAction":[{"@type":"ReadAction","target":["https:\/\/osmanoglumermer.com.tr\/?page_id=6787"]}]},{"@type":"BreadcrumbList","@id":"https:\/\/osmanoglumermer.com.tr\/?page_id=6787#breadcrumb","itemListElement":[{"@type":"ListItem","position":1,"name":"Anasayfa","item":"https:\/\/osmanoglumermer.com.tr\/"},{"@type":"ListItem","position":2,"name":"Balkon &#038; Pencere Mermeri"}]},{"@type":"WebSite","@id":"https:\/\/osmanoglumermer.com.tr\/#website","url":"https:\/\/osmanoglumermer.com.tr\/","name":"Adana Mermer","description":"","potentialAction":[{"@type":"SearchAction","target":{"@type":"EntryPoint","urlTemplate":"https:\/\/osmanoglumermer.com.tr\/?s={search_term_string}"},"query-input":{"@type":"PropertyValueSpecification","valueRequired":true,"valueName":"search_term_string"}}],"inLanguage":"tr"}]}},"_links":{"self":[{"href":"https:\/\/osmanoglumermer.com.tr\/index.php?rest_route=\/wp\/v2\/pages\/6787"}],"collection":[{"href":"https:\/\/osmanoglumermer.com.tr\/index.php?rest_route=\/wp\/v2\/pages"}],"about":[{"href":"https:\/\/osmanoglumermer.com.tr\/index.php?rest_route=\/wp\/v2\/types\/page"}],"author":[{"embeddable":true,"href":"https:\/\/osmanoglumermer.com.tr\/index.php?rest_route=\/wp\/v2\/users\/1"}],"replies":[{"embeddable":true,"href":"https:\/\/osmanoglumermer.com.tr\/index.php?rest_route=%2Fwp%2Fv2%2Fcomments&post=6787"}],"version-history":[{"count":1,"href":"https:\/\/osmanoglumermer.com.tr\/index.php?rest_route=\/wp\/v2\/pages\/6787\/revisions"}],"predecessor-version":[{"id":6788,"href":"https:\/\/osmanoglumermer.com.tr\/index.php?rest_route=\/wp\/v2\/pages\/6787\/revisions\/6788"}],"wp:attachment":[{"href":"https:\/\/osmanoglumermer.com.tr\/index.php?rest_route=%2Fwp%2Fv2%2Fmedia&parent=6787"}],"curies":[{"name":"wp","href":"https:\/\/api.w.org\/{rel}","templated":true}]}}