{"id":6785,"date":"2024-09-24T14:28:15","date_gmt":"2024-09-24T14:28:15","guid":{"rendered":"https:\/\/osmanoglumermer.com.tr\/?page_id=6785"},"modified":"2024-09-24T14:28:15","modified_gmt":"2024-09-24T14:28:15","slug":"merdiven-basamaklari","status":"publish","type":"page","link":"https:\/\/osmanoglumermer.com.tr\/?page_id=6785","title":{"rendered":"Merdiven Basamaklar\u0131"},"content":{"rendered":"\n<p>Granit, mermer, ta\u015f ve yer d\u00f6\u015feme malzemeleri kullanarak hem dayan\u0131kl\u0131 hemde modern se\u00e7enekler sunarak m\u00fc\u015fterilerimize en iyi hizmeti sunuyoruz.<\/p>\n","protected":false},"excerpt":{"rendered":"<p>Granit, mermer, ta\u015f ve yer d\u00f6\u015feme malzemeleri kullanarak hem dayan\u0131kl\u0131 hemde modern se\u00e7enekler sunarak m\u00fc\u015fterilerimize en iyi hizmeti sunuyoruz.<\/p>\n","protected":false},"author":1,"featured_media":0,"parent":0,"menu_order":0,"comment_status":"closed","ping_status":"closed","template":"","meta":{"_acf_changed":false,"_monsterinsights_skip_tracking":false,"_monsterinsights_sitenote_active":false,"_monsterinsights_sitenote_note":"","_monsterinsights_sitenote_category":0,"footnotes":""},"class_list":["post-6785","page","type-page","status-publish","hentry"],"acf":[],"yoast_head":"<!-- This site is optimized with the Yoast SEO plugin v23.5 - https:\/\/yoast.com\/wordpress\/plugins\/seo\/ -->\n<title>Merdiven Basamaklar\u0131 - Adana Mermer<\/title>\n<meta name=\"robots\" content=\"index, follow, max-snippet:-1, max-image-preview:large, max-video-preview:-1\" \/>\n<link rel=\"canonical\" href=\"https:\/\/osmanoglumermer.com.tr\/?page_id=6785\" \/>\n<meta property=\"og:locale\" content=\"tr_TR\" \/>\n<meta property=\"og:type\" content=\"article\" \/>\n<meta property=\"og:title\" content=\"Merdiven Basamaklar\u0131 - Adana Mermer\" \/>\n<meta property=\"og:description\" content=\"Granit, mermer, ta\u015f ve yer d\u00f6\u015feme malzemeleri kullanarak hem dayan\u0131kl\u0131 hemde modern se\u00e7enekler sunarak m\u00fc\u015fterilerimize en iyi hizmeti sunuyoruz.\" \/>\n<meta property=\"og:url\" content=\"https:\/\/osmanoglumermer.com.tr\/?page_id=6785\" \/>\n<meta property=\"og:site_name\" content=\"Adana Mermer\" \/>\n<meta name=\"twitter:card\" content=\"summary_large_image\" \/>\n<script type=\"application\/ld+json\" class=\"yoast-schema-graph\">{\"@context\":\"https:\/\/schema.org\",\"@graph\":[{\"@type\":\"WebPage\",\"@id\":\"https:\/\/osmanoglumermer.com.tr\/?page_id=6785\",\"url\":\"https:\/\/osmanoglumermer.com.tr\/?page_id=6785\",\"name\":\"Merdiven Basamaklar\u0131 - Adana Mermer\",\"isPartOf\":{\"@id\":\"https:\/\/osmanoglumermer.com.tr\/#website\"},\"datePublished\":\"2024-09-24T14:28:15+00:00\",\"dateModified\":\"2024-09-24T14:28:15+00:00\",\"breadcrumb\":{\"@id\":\"https:\/\/osmanoglumermer.com.tr\/?page_id=6785#breadcrumb\"},\"inLanguage\":\"tr\",\"potentialAction\":[{\"@type\":\"ReadAction\",\"target\":[\"https:\/\/osmanoglumermer.com.tr\/?page_id=6785\"]}]},{\"@type\":\"BreadcrumbList\",\"@id\":\"https:\/\/osmanoglumermer.com.tr\/?page_id=6785#breadcrumb\",\"itemListElement\":[{\"@type\":\"ListItem\",\"position\":1,\"name\":\"Anasayfa\",\"item\":\"https:\/\/osmanoglumermer.com.tr\/\"},{\"@type\":\"ListItem\",\"position\":2,\"name\":\"Merdiven Basamaklar\u0131\"}]},{\"@type\":\"WebSite\",\"@id\":\"https:\/\/osmanoglumermer.com.tr\/#website\",\"url\":\"https:\/\/osmanoglumermer.com.tr\/\",\"name\":\"Adana Mermer\",\"description\":\"\",\"potentialAction\":[{\"@type\":\"SearchAction\",\"target\":{\"@type\":\"EntryPoint\",\"urlTemplate\":\"https:\/\/osmanoglumermer.com.tr\/?s={search_term_string}\"},\"query-input\":{\"@type\":\"PropertyValueSpecification\",\"valueRequired\":true,\"valueName\":\"search_term_string\"}}],\"inLanguage\":\"tr\"}]}<\/script>\n<!-- \/ Yoast SEO plugin. -->","yoast_head_json":{"title":"Merdiven Basamaklar\u0131 - Adana Mermer","robots":{"index":"index","follow":"follow","max-snippet":"max-snippet:-1","max-image-preview":"max-image-preview:large","max-video-preview":"max-video-preview:-1"},"canonical":"https:\/\/osmanoglumermer.com.tr\/?page_id=6785","og_locale":"tr_TR","og_type":"article","og_title":"Merdiven Basamaklar\u0131 - Adana Mermer","og_description":"Granit, mermer, ta\u015f ve yer d\u00f6\u015feme malzemeleri kullanarak hem dayan\u0131kl\u0131 hemde modern se\u00e7enekler sunarak m\u00fc\u015fterilerimize en iyi hizmeti sunuyoruz.","og_url":"https:\/\/osmanoglumermer.com.tr\/?page_id=6785","og_site_name":"Adana Mermer","twitter_card":"summary_large_image","schema":{"@context":"https:\/\/schema.org","@graph":[{"@type":"WebPage","@id":"https:\/\/osmanoglumermer.com.tr\/?page_id=6785","url":"https:\/\/osmanoglumermer.com.tr\/?page_id=6785","name":"Merdiven Basamaklar\u0131 - Adana Mermer","isPartOf":{"@id":"https:\/\/osmanoglumermer.com.tr\/#website"},"datePublished":"2024-09-24T14:28:15+00:00","dateModified":"2024-09-24T14:28:15+00:00","breadcrumb":{"@id":"https:\/\/osmanoglumermer.com.tr\/?page_id=6785#breadcrumb"},"inLanguage":"tr","potentialAction":[{"@type":"ReadAction","target":["https:\/\/osmanoglumermer.com.tr\/?page_id=6785"]}]},{"@type":"BreadcrumbList","@id":"https:\/\/osmanoglumermer.com.tr\/?page_id=6785#breadcrumb","itemListElement":[{"@type":"ListItem","position":1,"name":"Anasayfa","item":"https:\/\/osmanoglumermer.com.tr\/"},{"@type":"ListItem","position":2,"name":"Merdiven Basamaklar\u0131"}]},{"@type":"WebSite","@id":"https:\/\/osmanoglumermer.com.tr\/#website","url":"https:\/\/osmanoglumermer.com.tr\/","name":"Adana Mermer","description":"","potentialAction":[{"@type":"SearchAction","target":{"@type":"EntryPoint","urlTemplate":"https:\/\/osmanoglumermer.com.tr\/?s={search_term_string}"},"query-input":{"@type":"PropertyValueSpecification","valueRequired":true,"valueName":"search_term_string"}}],"inLanguage":"tr"}]}},"_links":{"self":[{"href":"https:\/\/osmanoglumermer.com.tr\/index.php?rest_route=\/wp\/v2\/pages\/6785"}],"collection":[{"href":"https:\/\/osmanoglumermer.com.tr\/index.php?rest_route=\/wp\/v2\/pages"}],"about":[{"href":"https:\/\/osmanoglumermer.com.tr\/index.php?rest_route=\/wp\/v2\/types\/page"}],"author":[{"embeddable":true,"href":"https:\/\/osmanoglumermer.com.tr\/index.php?rest_route=\/wp\/v2\/users\/1"}],"replies":[{"embeddable":true,"href":"https:\/\/osmanoglumermer.com.tr\/index.php?rest_route=%2Fwp%2Fv2%2Fcomments&post=6785"}],"version-history":[{"count":1,"href":"https:\/\/osmanoglumermer.com.tr\/index.php?rest_route=\/wp\/v2\/pages\/6785\/revisions"}],"predecessor-version":[{"id":6786,"href":"https:\/\/osmanoglumermer.com.tr\/index.php?rest_route=\/wp\/v2\/pages\/6785\/revisions\/6786"}],"wp:attachment":[{"href":"https:\/\/osmanoglumermer.com.tr\/index.php?rest_route=%2Fwp%2Fv2%2Fmedia&parent=6785"}],"curies":[{"name":"wp","href":"https:\/\/api.w.org\/{rel}","templated":true}]}}