{"id":6753,"date":"2024-09-24T10:53:34","date_gmt":"2024-09-24T10:53:34","guid":{"rendered":"https:\/\/osmanoglumermer.com.tr\/?page_id=6753"},"modified":"2024-09-24T11:02:02","modified_gmt":"2024-09-24T11:02:02","slug":"referanslarimiz","status":"publish","type":"page","link":"https:\/\/osmanoglumermer.com.tr\/?page_id=6753","title":{"rendered":"Referanslar\u0131m\u0131z"},"content":{"rendered":"\t\t<div data-elementor-type=\"wp-page\" data-elementor-id=\"6753\" class=\"elementor elementor-6753\">\n\t\t\t\t\t\t<div class=\"elementor-section elementor-top-section elementor-element elementor-element-3ee88a0 elementor-section-stretched elementor-section-boxed elementor-section-height-default elementor-section-height-default\" data-id=\"3ee88a0\" data-element_type=\"section\" data-settings=\"{&quot;stretch_section&quot;:&quot;section-stretched&quot;}\">\n\t\t\t\t\t\t<div class=\"elementor-container elementor-column-gap-default\">\n\t\t\t\t\t<div class=\"elementor-column elementor-col-100 elementor-top-column elementor-element elementor-element-d67b74c\" data-id=\"d67b74c\" data-element_type=\"column\">\n\t\t\t<div class=\"elementor-widget-wrap elementor-element-populated\">\n\t\t\t\t\t\t<div class=\"elementor-section elementor-inner-section elementor-element elementor-element-9e8af4e elementor-section-boxed elementor-section-height-default elementor-section-height-default elementor-invisible\" data-id=\"9e8af4e\" data-element_type=\"section\" data-settings=\"{&quot;animation&quot;:&quot;fadeInRight&quot;}\">\n\t\t\t\t\t\t<div class=\"elementor-container elementor-column-gap-default\">\n\t\t\t\t\t<div class=\"elementor-column elementor-col-100 elementor-inner-column elementor-element elementor-element-64f5025\" data-id=\"64f5025\" data-element_type=\"column\">\n\t\t\t<div class=\"elementor-widget-wrap\">\n\t\t\t\t\t\t\t<\/div>\n\t\t<\/div>\n\t\t\t\t\t<\/div>\n\t\t<\/div>\n\t\t\t\t<div class=\"elementor-section elementor-inner-section elementor-element elementor-element-9ee6571 elementor-section-full_width elementor-section-height-default elementor-section-height-default\" data-id=\"9ee6571\" data-element_type=\"section\">\n\t\t\t\t\t\t<div class=\"elementor-container elementor-column-gap-default\">\n\t\t\t\t\t<div class=\"elementor-column elementor-col-25 elementor-inner-column elementor-element elementor-element-b6fce6b\" data-id=\"b6fce6b\" data-element_type=\"column\" data-settings=\"{&quot;background_background&quot;:&quot;classic&quot;}\">\n\t\t\t<div class=\"elementor-widget-wrap elementor-element-populated\">\n\t\t\t\t\t\t<div class=\"elementor-element elementor-element-f76201b elementor-position-top elementor-invisible elementor-widget elementor-widget-image-box\" data-id=\"f76201b\" data-element_type=\"widget\" data-settings=\"{&quot;_animation&quot;:&quot;fadeInUp&quot;}\" data-widget_type=\"image-box.default\">\n\t\t\t\t<div class=\"elementor-widget-container\">\n\t\t\t<div class=\"elementor-image-box-wrapper\"><figure class=\"elementor-image-box-img\"><img fetchpriority=\"high\" decoding=\"async\" width=\"489\" height=\"103\" src=\"https:\/\/osmanoglumermer.com.tr\/wp-content\/uploads\/2024\/09\/images.png\" class=\"elementor-animation-bob attachment-full size-full wp-image-6755\" alt=\"\" srcset=\"https:\/\/osmanoglumermer.com.tr\/wp-content\/uploads\/2024\/09\/images.png 489w, https:\/\/osmanoglumermer.com.tr\/wp-content\/uploads\/2024\/09\/images-300x63.png 300w\" sizes=\"(max-width: 489px) 100vw, 489px\" \/><\/figure><div class=\"elementor-image-box-content\"><h4 class=\"elementor-image-box-title\">Ziraat Bankas\u0131<\/h4><\/div><\/div>\t\t<\/div>\n\t\t\t\t<\/div>\n\t\t\t\t\t<\/div>\n\t\t<\/div>\n\t\t\t\t<div class=\"elementor-column elementor-col-25 elementor-inner-column elementor-element elementor-element-c49ccd0\" data-id=\"c49ccd0\" data-element_type=\"column\" data-settings=\"{&quot;background_background&quot;:&quot;classic&quot;}\">\n\t\t\t<div class=\"elementor-widget-wrap elementor-element-populated\">\n\t\t\t\t\t\t<div class=\"elementor-element elementor-element-6bf7bcb elementor-position-top elementor-invisible elementor-widget elementor-widget-image-box\" data-id=\"6bf7bcb\" data-element_type=\"widget\" data-settings=\"{&quot;_animation&quot;:&quot;fadeInUp&quot;}\" data-widget_type=\"image-box.default\">\n\t\t\t\t<div class=\"elementor-widget-container\">\n\t\t\t<div class=\"elementor-image-box-wrapper\"><figure class=\"elementor-image-box-img\"><img decoding=\"async\" width=\"428\" height=\"118\" src=\"https:\/\/osmanoglumermer.com.tr\/wp-content\/uploads\/2024\/09\/images-1.png\" class=\"elementor-animation-bob attachment-full size-full wp-image-6756\" alt=\"\" srcset=\"https:\/\/osmanoglumermer.com.tr\/wp-content\/uploads\/2024\/09\/images-1.png 428w, https:\/\/osmanoglumermer.com.tr\/wp-content\/uploads\/2024\/09\/images-1-300x83.png 300w\" sizes=\"(max-width: 428px) 100vw, 428px\" \/><\/figure><div class=\"elementor-image-box-content\"><h4 class=\"elementor-image-box-title\">Adana Teknosa<\/h4><\/div><\/div>\t\t<\/div>\n\t\t\t\t<\/div>\n\t\t\t\t\t<\/div>\n\t\t<\/div>\n\t\t\t\t<div class=\"elementor-column elementor-col-25 elementor-inner-column elementor-element elementor-element-5b6fb7e\" data-id=\"5b6fb7e\" data-element_type=\"column\" data-settings=\"{&quot;background_background&quot;:&quot;classic&quot;}\">\n\t\t\t<div class=\"elementor-widget-wrap elementor-element-populated\">\n\t\t\t\t\t\t<div class=\"elementor-element elementor-element-8da25d7 elementor-position-top elementor-invisible elementor-widget elementor-widget-image-box\" data-id=\"8da25d7\" data-element_type=\"widget\" data-settings=\"{&quot;_animation&quot;:&quot;fadeInUp&quot;}\" data-widget_type=\"image-box.default\">\n\t\t\t\t<div class=\"elementor-widget-container\">\n\t\t\t<div class=\"elementor-image-box-wrapper\"><figure class=\"elementor-image-box-img\"><img decoding=\"async\" width=\"350\" height=\"144\" src=\"https:\/\/osmanoglumermer.com.tr\/wp-content\/uploads\/2024\/09\/images-2.png\" class=\"elementor-animation-bob attachment-medium_large size-medium_large wp-image-6757\" alt=\"\" srcset=\"https:\/\/osmanoglumermer.com.tr\/wp-content\/uploads\/2024\/09\/images-2.png 350w, https:\/\/osmanoglumermer.com.tr\/wp-content\/uploads\/2024\/09\/images-2-300x123.png 300w\" sizes=\"(max-width: 350px) 100vw, 350px\" \/><\/figure><div class=\"elementor-image-box-content\"><h4 class=\"elementor-image-box-title\">\u00dcmit G\u00fcl \u0130n\u015faat<\/h4><\/div><\/div>\t\t<\/div>\n\t\t\t\t<\/div>\n\t\t\t\t\t<\/div>\n\t\t<\/div>\n\t\t\t\t<div class=\"elementor-column elementor-col-25 elementor-inner-column elementor-element elementor-element-4d909c2\" data-id=\"4d909c2\" data-element_type=\"column\" data-settings=\"{&quot;background_background&quot;:&quot;classic&quot;}\">\n\t\t\t<div class=\"elementor-widget-wrap elementor-element-populated\">\n\t\t\t\t\t\t<div class=\"elementor-element elementor-element-0c72fbd elementor-position-top elementor-invisible elementor-widget elementor-widget-image-box\" data-id=\"0c72fbd\" data-element_type=\"widget\" data-settings=\"{&quot;_animation&quot;:&quot;fadeInUp&quot;}\" data-widget_type=\"image-box.default\">\n\t\t\t\t<div class=\"elementor-widget-container\">\n\t\t\t<div class=\"elementor-image-box-wrapper\"><figure class=\"elementor-image-box-img\"><img loading=\"lazy\" decoding=\"async\" width=\"512\" height=\"62\" src=\"https:\/\/osmanoglumermer.com.tr\/wp-content\/uploads\/2024\/09\/unnamed.png\" class=\"elementor-animation-bob attachment-full size-full wp-image-6758\" alt=\"\" srcset=\"https:\/\/osmanoglumermer.com.tr\/wp-content\/uploads\/2024\/09\/unnamed.png 512w, https:\/\/osmanoglumermer.com.tr\/wp-content\/uploads\/2024\/09\/unnamed-300x36.png 300w\" sizes=\"(max-width: 512px) 100vw, 512px\" \/><\/figure><div class=\"elementor-image-box-content\"><h4 class=\"elementor-image-box-title\">Vak\u0131f Bank<\/h4><\/div><\/div>\t\t<\/div>\n\t\t\t\t<\/div>\n\t\t\t\t\t<\/div>\n\t\t<\/div>\n\t\t\t\t\t<\/div>\n\t\t<\/div>\n\t\t\t\t<div class=\"elementor-section elementor-inner-section elementor-element elementor-element-36dd78b elementor-section-full_width elementor-section-height-default elementor-section-height-default\" data-id=\"36dd78b\" data-element_type=\"section\">\n\t\t\t\t\t\t<div class=\"elementor-container elementor-column-gap-default\">\n\t\t\t\t\t<div class=\"elementor-column elementor-col-25 elementor-inner-column elementor-element elementor-element-a078686\" data-id=\"a078686\" data-element_type=\"column\" data-settings=\"{&quot;background_background&quot;:&quot;classic&quot;}\">\n\t\t\t<div class=\"elementor-widget-wrap elementor-element-populated\">\n\t\t\t\t\t\t<div class=\"elementor-element elementor-element-cb36043 elementor-position-top elementor-invisible elementor-widget elementor-widget-image-box\" data-id=\"cb36043\" data-element_type=\"widget\" data-settings=\"{&quot;_animation&quot;:&quot;fadeInUp&quot;}\" data-widget_type=\"image-box.default\">\n\t\t\t\t<div class=\"elementor-widget-container\">\n\t\t\t<div class=\"elementor-image-box-wrapper\"><figure class=\"elementor-image-box-img\"><img loading=\"lazy\" decoding=\"async\" width=\"695\" height=\"226\" src=\"https:\/\/osmanoglumermer.com.tr\/wp-content\/uploads\/2024\/09\/Seyhan_Belediyesi_logo.png\" class=\"elementor-animation-bob attachment-full size-full wp-image-6759\" alt=\"\" srcset=\"https:\/\/osmanoglumermer.com.tr\/wp-content\/uploads\/2024\/09\/Seyhan_Belediyesi_logo.png 695w, https:\/\/osmanoglumermer.com.tr\/wp-content\/uploads\/2024\/09\/Seyhan_Belediyesi_logo-300x98.png 300w\" sizes=\"(max-width: 695px) 100vw, 695px\" \/><\/figure><div class=\"elementor-image-box-content\"><h4 class=\"elementor-image-box-title\">Seyhan K\u00fclt\u00fcr Merkezi<\/h4><\/div><\/div>\t\t<\/div>\n\t\t\t\t<\/div>\n\t\t\t\t\t<\/div>\n\t\t<\/div>\n\t\t\t\t<div class=\"elementor-column elementor-col-25 elementor-inner-column elementor-element elementor-element-b1df4bc\" data-id=\"b1df4bc\" data-element_type=\"column\" data-settings=\"{&quot;background_background&quot;:&quot;classic&quot;}\">\n\t\t\t<div class=\"elementor-widget-wrap elementor-element-populated\">\n\t\t\t\t\t\t<div class=\"elementor-element elementor-element-d5f92f5 elementor-position-top elementor-invisible elementor-widget elementor-widget-image-box\" data-id=\"d5f92f5\" data-element_type=\"widget\" data-settings=\"{&quot;_animation&quot;:&quot;fadeInUp&quot;}\" data-widget_type=\"image-box.default\">\n\t\t\t\t<div class=\"elementor-widget-container\">\n\t\t\t<div class=\"elementor-image-box-wrapper\"><figure class=\"elementor-image-box-img\"><img loading=\"lazy\" decoding=\"async\" width=\"510\" height=\"99\" src=\"https:\/\/osmanoglumermer.com.tr\/wp-content\/uploads\/2024\/09\/images-2-1.png\" class=\"elementor-animation-bob attachment-full size-full wp-image-6760\" alt=\"\" srcset=\"https:\/\/osmanoglumermer.com.tr\/wp-content\/uploads\/2024\/09\/images-2-1.png 510w, https:\/\/osmanoglumermer.com.tr\/wp-content\/uploads\/2024\/09\/images-2-1-300x58.png 300w\" sizes=\"(max-width: 510px) 100vw, 510px\" \/><\/figure><div class=\"elementor-image-box-content\"><h4 class=\"elementor-image-box-title\">Halk Bank<\/h4><\/div><\/div>\t\t<\/div>\n\t\t\t\t<\/div>\n\t\t\t\t\t<\/div>\n\t\t<\/div>\n\t\t\t\t<div class=\"elementor-column elementor-col-25 elementor-inner-column elementor-element elementor-element-c25fdd4\" data-id=\"c25fdd4\" data-element_type=\"column\" data-settings=\"{&quot;background_background&quot;:&quot;classic&quot;}\">\n\t\t\t<div class=\"elementor-widget-wrap elementor-element-populated\">\n\t\t\t\t\t\t<div class=\"elementor-element elementor-element-1ba0a81 elementor-position-top elementor-invisible elementor-widget elementor-widget-image-box\" data-id=\"1ba0a81\" data-element_type=\"widget\" data-settings=\"{&quot;_animation&quot;:&quot;fadeInUp&quot;}\" data-widget_type=\"image-box.default\">\n\t\t\t\t<div class=\"elementor-widget-container\">\n\t\t\t<div class=\"elementor-image-box-wrapper\"><figure class=\"elementor-image-box-img\"><img loading=\"lazy\" decoding=\"async\" width=\"1024\" height=\"300\" src=\"https:\/\/osmanoglumermer.com.tr\/wp-content\/uploads\/2024\/09\/Otokoc_Otomotiv_Metaverse2-1024x300-1.jpg\" class=\"elementor-animation-bob attachment-full size-full wp-image-6761\" alt=\"\" srcset=\"https:\/\/osmanoglumermer.com.tr\/wp-content\/uploads\/2024\/09\/Otokoc_Otomotiv_Metaverse2-1024x300-1.jpg 1024w, https:\/\/osmanoglumermer.com.tr\/wp-content\/uploads\/2024\/09\/Otokoc_Otomotiv_Metaverse2-1024x300-1-300x88.jpg 300w, https:\/\/osmanoglumermer.com.tr\/wp-content\/uploads\/2024\/09\/Otokoc_Otomotiv_Metaverse2-1024x300-1-768x225.jpg 768w\" sizes=\"(max-width: 1024px) 100vw, 1024px\" \/><\/figure><div class=\"elementor-image-box-content\"><h4 class=\"elementor-image-box-title\">Adana Otoko\u00e7<\/h4><\/div><\/div>\t\t<\/div>\n\t\t\t\t<\/div>\n\t\t\t\t\t<\/div>\n\t\t<\/div>\n\t\t\t\t<div class=\"elementor-column elementor-col-25 elementor-inner-column elementor-element elementor-element-3727fdd\" data-id=\"3727fdd\" data-element_type=\"column\" data-settings=\"{&quot;background_background&quot;:&quot;classic&quot;}\">\n\t\t\t<div class=\"elementor-widget-wrap elementor-element-populated\">\n\t\t\t\t\t\t<div class=\"elementor-element elementor-element-8293ab5 elementor-position-top elementor-invisible elementor-widget elementor-widget-image-box\" data-id=\"8293ab5\" data-element_type=\"widget\" data-settings=\"{&quot;_animation&quot;:&quot;fadeInUp&quot;}\" data-widget_type=\"image-box.default\">\n\t\t\t\t<div class=\"elementor-widget-container\">\n\t\t\t<div class=\"elementor-image-box-wrapper\"><figure class=\"elementor-image-box-img\"><img loading=\"lazy\" decoding=\"async\" width=\"527\" height=\"199\" src=\"https:\/\/osmanoglumermer.com.tr\/wp-content\/uploads\/2024\/09\/Screenshot_29.png\" class=\"elementor-animation-bob attachment-full size-full wp-image-6762\" alt=\"\" srcset=\"https:\/\/osmanoglumermer.com.tr\/wp-content\/uploads\/2024\/09\/Screenshot_29.png 527w, https:\/\/osmanoglumermer.com.tr\/wp-content\/uploads\/2024\/09\/Screenshot_29-300x113.png 300w\" sizes=\"(max-width: 527px) 100vw, 527px\" \/><\/figure><div class=\"elementor-image-box-content\"><h4 class=\"elementor-image-box-title\">Demiro\u011flu \u0130n\u015faat<\/h4><\/div><\/div>\t\t<\/div>\n\t\t\t\t<\/div>\n\t\t\t\t\t<\/div>\n\t\t<\/div>\n\t\t\t\t\t<\/div>\n\t\t<\/div>\n\t\t\t\t<div class=\"elementor-section elementor-inner-section elementor-element elementor-element-0d13a5d elementor-section-full_width elementor-section-height-default elementor-section-height-default\" data-id=\"0d13a5d\" data-element_type=\"section\">\n\t\t\t\t\t\t<div class=\"elementor-container elementor-column-gap-default\">\n\t\t\t\t\t<div class=\"elementor-column elementor-col-25 elementor-inner-column elementor-element elementor-element-683ca50\" data-id=\"683ca50\" data-element_type=\"column\" data-settings=\"{&quot;background_background&quot;:&quot;classic&quot;}\">\n\t\t\t<div class=\"elementor-widget-wrap elementor-element-populated\">\n\t\t\t\t\t\t<div class=\"elementor-element elementor-element-701cfc2 elementor-position-top elementor-invisible elementor-widget elementor-widget-image-box\" data-id=\"701cfc2\" data-element_type=\"widget\" data-settings=\"{&quot;_animation&quot;:&quot;fadeInUp&quot;}\" data-widget_type=\"image-box.default\">\n\t\t\t\t<div class=\"elementor-widget-container\">\n\t\t\t<div class=\"elementor-image-box-wrapper\"><figure class=\"elementor-image-box-img\"><img loading=\"lazy\" decoding=\"async\" width=\"353\" height=\"150\" src=\"https:\/\/osmanoglumermer.com.tr\/wp-content\/uploads\/2024\/09\/Screenshot_30.png\" class=\"elementor-animation-bob attachment-full size-full wp-image-6763\" alt=\"\" srcset=\"https:\/\/osmanoglumermer.com.tr\/wp-content\/uploads\/2024\/09\/Screenshot_30.png 353w, https:\/\/osmanoglumermer.com.tr\/wp-content\/uploads\/2024\/09\/Screenshot_30-300x127.png 300w\" sizes=\"(max-width: 353px) 100vw, 353px\" \/><\/figure><div class=\"elementor-image-box-content\"><h4 class=\"elementor-image-box-title\">\u0130mar \u0130n\u015faat<\/h4><\/div><\/div>\t\t<\/div>\n\t\t\t\t<\/div>\n\t\t\t\t\t<\/div>\n\t\t<\/div>\n\t\t\t\t<div class=\"elementor-column elementor-col-25 elementor-inner-column elementor-element elementor-element-7bef4cc\" data-id=\"7bef4cc\" data-element_type=\"column\" data-settings=\"{&quot;background_background&quot;:&quot;classic&quot;}\">\n\t\t\t<div class=\"elementor-widget-wrap elementor-element-populated\">\n\t\t\t\t\t\t<div class=\"elementor-element elementor-element-d7c8c9b elementor-invisible elementor-widget elementor-widget-image-box\" data-id=\"d7c8c9b\" data-element_type=\"widget\" data-settings=\"{&quot;_animation&quot;:&quot;fadeInUp&quot;}\" data-widget_type=\"image-box.default\">\n\t\t\t\t<div class=\"elementor-widget-container\">\n\t\t\t<div class=\"elementor-image-box-wrapper\"><div class=\"elementor-image-box-content\"><h4 class=\"elementor-image-box-title\">Durupark Konutlar\u0131<\/h4><\/div><\/div>\t\t<\/div>\n\t\t\t\t<\/div>\n\t\t\t\t\t<\/div>\n\t\t<\/div>\n\t\t\t\t<div class=\"elementor-column elementor-col-25 elementor-inner-column elementor-element elementor-element-0d40794\" data-id=\"0d40794\" data-element_type=\"column\" data-settings=\"{&quot;background_background&quot;:&quot;classic&quot;}\">\n\t\t\t<div class=\"elementor-widget-wrap elementor-element-populated\">\n\t\t\t\t\t\t<div class=\"elementor-element elementor-element-74432b5 elementor-position-top elementor-invisible elementor-widget elementor-widget-image-box\" data-id=\"74432b5\" data-element_type=\"widget\" data-settings=\"{&quot;_animation&quot;:&quot;fadeInUp&quot;}\" data-widget_type=\"image-box.default\">\n\t\t\t\t<div class=\"elementor-widget-container\">\n\t\t\t<div class=\"elementor-image-box-wrapper\"><figure class=\"elementor-image-box-img\"><img loading=\"lazy\" decoding=\"async\" width=\"1752\" height=\"382\" src=\"https:\/\/osmanoglumermer.com.tr\/wp-content\/uploads\/2024\/09\/adasan.png\" class=\"elementor-animation-bob attachment-full size-full wp-image-6764\" alt=\"\" srcset=\"https:\/\/osmanoglumermer.com.tr\/wp-content\/uploads\/2024\/09\/adasan.png 1752w, https:\/\/osmanoglumermer.com.tr\/wp-content\/uploads\/2024\/09\/adasan-300x65.png 300w, https:\/\/osmanoglumermer.com.tr\/wp-content\/uploads\/2024\/09\/adasan-1024x223.png 1024w, https:\/\/osmanoglumermer.com.tr\/wp-content\/uploads\/2024\/09\/adasan-768x167.png 768w, https:\/\/osmanoglumermer.com.tr\/wp-content\/uploads\/2024\/09\/adasan-1536x335.png 1536w\" sizes=\"(max-width: 1752px) 100vw, 1752px\" \/><\/figure><div class=\"elementor-image-box-content\"><h4 class=\"elementor-image-box-title\">adasan<\/h4><\/div><\/div>\t\t<\/div>\n\t\t\t\t<\/div>\n\t\t\t\t\t<\/div>\n\t\t<\/div>\n\t\t\t\t<div class=\"elementor-column elementor-col-25 elementor-inner-column elementor-element elementor-element-8f55b7e\" data-id=\"8f55b7e\" data-element_type=\"column\" data-settings=\"{&quot;background_background&quot;:&quot;classic&quot;}\">\n\t\t\t<div class=\"elementor-widget-wrap\">\n\t\t\t\t\t\t\t<\/div>\n\t\t<\/div>\n\t\t\t\t\t<\/div>\n\t\t<\/div>\n\t\t\t\t<div class=\"elementor-element elementor-element-9d04a08 pt-right-border elementor-widget-divider--view-line elementor-widget elementor-widget-divider\" data-id=\"9d04a08\" data-element_type=\"widget\" data-widget_type=\"divider.default\">\n\t\t\t\t<div class=\"elementor-widget-container\">\n\t\t\t\t\t<div class=\"elementor-divider\">\n\t\t\t<span class=\"elementor-divider-separator\">\n\t\t\t\t\t\t<\/span>\n\t\t<\/div>\n\t\t\t\t<\/div>\n\t\t\t\t<\/div>\n\t\t\t\t\t<\/div>\n\t\t<\/div>\n\t\t\t\t\t<\/div>\n\t\t<\/div>\n\t\t\t\t<\/div>\n\t\t","protected":false},"excerpt":{"rendered":"<p>Ziraat Bankas\u0131 Adana Teknosa \u00dcmit G\u00fcl \u0130n\u015faat Vak\u0131f Bank Seyhan K\u00fclt\u00fcr Merkezi Halk Bank Adana Otoko\u00e7 Demiro\u011flu \u0130n\u015faat \u0130mar \u0130n\u015faat Durupark Konutlar\u0131 adasan<\/p>\n","protected":false},"author":1,"featured_media":0,"parent":0,"menu_order":0,"comment_status":"closed","ping_status":"closed","template":"","meta":{"_acf_changed":false,"_monsterinsights_skip_tracking":false,"_monsterinsights_sitenote_active":false,"_monsterinsights_sitenote_note":"","_monsterinsights_sitenote_category":0,"footnotes":""},"class_list":["post-6753","page","type-page","status-publish","hentry"],"acf":[],"yoast_head":"<!-- This site is optimized with the Yoast SEO plugin v23.5 - https:\/\/yoast.com\/wordpress\/plugins\/seo\/ -->\n<title>Referanslar\u0131m\u0131z - Adana Mermer<\/title>\n<meta name=\"robots\" content=\"index, follow, max-snippet:-1, max-image-preview:large, max-video-preview:-1\" \/>\n<link rel=\"canonical\" href=\"https:\/\/osmanoglumermer.com.tr\/?page_id=6753\" \/>\n<meta property=\"og:locale\" content=\"tr_TR\" \/>\n<meta property=\"og:type\" content=\"article\" \/>\n<meta property=\"og:title\" content=\"Referanslar\u0131m\u0131z - Adana Mermer\" \/>\n<meta property=\"og:description\" content=\"Ziraat Bankas\u0131 Adana Teknosa \u00dcmit G\u00fcl \u0130n\u015faat Vak\u0131f Bank Seyhan K\u00fclt\u00fcr Merkezi Halk Bank Adana Otoko\u00e7 Demiro\u011flu \u0130n\u015faat \u0130mar \u0130n\u015faat Durupark Konutlar\u0131 adasan\" \/>\n<meta property=\"og:url\" content=\"https:\/\/osmanoglumermer.com.tr\/?page_id=6753\" \/>\n<meta property=\"og:site_name\" content=\"Adana Mermer\" \/>\n<meta property=\"article:modified_time\" content=\"2024-09-24T11:02:02+00:00\" \/>\n<meta property=\"og:image\" content=\"http:\/\/osmanoglumermer.com.tr\/wp-content\/uploads\/2024\/09\/images.png\" \/>\n<meta name=\"twitter:card\" content=\"summary_large_image\" \/>\n<script type=\"application\/ld+json\" class=\"yoast-schema-graph\">{\"@context\":\"https:\/\/schema.org\",\"@graph\":[{\"@type\":\"WebPage\",\"@id\":\"https:\/\/osmanoglumermer.com.tr\/?page_id=6753\",\"url\":\"https:\/\/osmanoglumermer.com.tr\/?page_id=6753\",\"name\":\"Referanslar\u0131m\u0131z - Adana Mermer\",\"isPartOf\":{\"@id\":\"https:\/\/osmanoglumermer.com.tr\/#website\"},\"primaryImageOfPage\":{\"@id\":\"https:\/\/osmanoglumermer.com.tr\/?page_id=6753#primaryimage\"},\"image\":{\"@id\":\"https:\/\/osmanoglumermer.com.tr\/?page_id=6753#primaryimage\"},\"thumbnailUrl\":\"http:\/\/osmanoglumermer.com.tr\/wp-content\/uploads\/2024\/09\/images.png\",\"datePublished\":\"2024-09-24T10:53:34+00:00\",\"dateModified\":\"2024-09-24T11:02:02+00:00\",\"breadcrumb\":{\"@id\":\"https:\/\/osmanoglumermer.com.tr\/?page_id=6753#breadcrumb\"},\"inLanguage\":\"tr\",\"potentialAction\":[{\"@type\":\"ReadAction\",\"target\":[\"https:\/\/osmanoglumermer.com.tr\/?page_id=6753\"]}]},{\"@type\":\"ImageObject\",\"inLanguage\":\"tr\",\"@id\":\"https:\/\/osmanoglumermer.com.tr\/?page_id=6753#primaryimage\",\"url\":\"http:\/\/osmanoglumermer.com.tr\/wp-content\/uploads\/2024\/09\/images.png\",\"contentUrl\":\"http:\/\/osmanoglumermer.com.tr\/wp-content\/uploads\/2024\/09\/images.png\"},{\"@type\":\"BreadcrumbList\",\"@id\":\"https:\/\/osmanoglumermer.com.tr\/?page_id=6753#breadcrumb\",\"itemListElement\":[{\"@type\":\"ListItem\",\"position\":1,\"name\":\"Anasayfa\",\"item\":\"https:\/\/osmanoglumermer.com.tr\/\"},{\"@type\":\"ListItem\",\"position\":2,\"name\":\"Referanslar\u0131m\u0131z\"}]},{\"@type\":\"WebSite\",\"@id\":\"https:\/\/osmanoglumermer.com.tr\/#website\",\"url\":\"https:\/\/osmanoglumermer.com.tr\/\",\"name\":\"Adana Mermer\",\"description\":\"\",\"potentialAction\":[{\"@type\":\"SearchAction\",\"target\":{\"@type\":\"EntryPoint\",\"urlTemplate\":\"https:\/\/osmanoglumermer.com.tr\/?s={search_term_string}\"},\"query-input\":{\"@type\":\"PropertyValueSpecification\",\"valueRequired\":true,\"valueName\":\"search_term_string\"}}],\"inLanguage\":\"tr\"}]}<\/script>\n<!-- \/ Yoast SEO plugin. -->","yoast_head_json":{"title":"Referanslar\u0131m\u0131z - Adana Mermer","robots":{"index":"index","follow":"follow","max-snippet":"max-snippet:-1","max-image-preview":"max-image-preview:large","max-video-preview":"max-video-preview:-1"},"canonical":"https:\/\/osmanoglumermer.com.tr\/?page_id=6753","og_locale":"tr_TR","og_type":"article","og_title":"Referanslar\u0131m\u0131z - Adana Mermer","og_description":"Ziraat Bankas\u0131 Adana Teknosa \u00dcmit G\u00fcl \u0130n\u015faat Vak\u0131f Bank Seyhan K\u00fclt\u00fcr Merkezi Halk Bank Adana Otoko\u00e7 Demiro\u011flu \u0130n\u015faat \u0130mar \u0130n\u015faat Durupark Konutlar\u0131 adasan","og_url":"https:\/\/osmanoglumermer.com.tr\/?page_id=6753","og_site_name":"Adana Mermer","article_modified_time":"2024-09-24T11:02:02+00:00","og_image":[{"url":"http:\/\/osmanoglumermer.com.tr\/wp-content\/uploads\/2024\/09\/images.png"}],"twitter_card":"summary_large_image","schema":{"@context":"https:\/\/schema.org","@graph":[{"@type":"WebPage","@id":"https:\/\/osmanoglumermer.com.tr\/?page_id=6753","url":"https:\/\/osmanoglumermer.com.tr\/?page_id=6753","name":"Referanslar\u0131m\u0131z - Adana Mermer","isPartOf":{"@id":"https:\/\/osmanoglumermer.com.tr\/#website"},"primaryImageOfPage":{"@id":"https:\/\/osmanoglumermer.com.tr\/?page_id=6753#primaryimage"},"image":{"@id":"https:\/\/osmanoglumermer.com.tr\/?page_id=6753#primaryimage"},"thumbnailUrl":"http:\/\/osmanoglumermer.com.tr\/wp-content\/uploads\/2024\/09\/images.png","datePublished":"2024-09-24T10:53:34+00:00","dateModified":"2024-09-24T11:02:02+00:00","breadcrumb":{"@id":"https:\/\/osmanoglumermer.com.tr\/?page_id=6753#breadcrumb"},"inLanguage":"tr","potentialAction":[{"@type":"ReadAction","target":["https:\/\/osmanoglumermer.com.tr\/?page_id=6753"]}]},{"@type":"ImageObject","inLanguage":"tr","@id":"https:\/\/osmanoglumermer.com.tr\/?page_id=6753#primaryimage","url":"http:\/\/osmanoglumermer.com.tr\/wp-content\/uploads\/2024\/09\/images.png","contentUrl":"http:\/\/osmanoglumermer.com.tr\/wp-content\/uploads\/2024\/09\/images.png"},{"@type":"BreadcrumbList","@id":"https:\/\/osmanoglumermer.com.tr\/?page_id=6753#breadcrumb","itemListElement":[{"@type":"ListItem","position":1,"name":"Anasayfa","item":"https:\/\/osmanoglumermer.com.tr\/"},{"@type":"ListItem","position":2,"name":"Referanslar\u0131m\u0131z"}]},{"@type":"WebSite","@id":"https:\/\/osmanoglumermer.com.tr\/#website","url":"https:\/\/osmanoglumermer.com.tr\/","name":"Adana Mermer","description":"","potentialAction":[{"@type":"SearchAction","target":{"@type":"EntryPoint","urlTemplate":"https:\/\/osmanoglumermer.com.tr\/?s={search_term_string}"},"query-input":{"@type":"PropertyValueSpecification","valueRequired":true,"valueName":"search_term_string"}}],"inLanguage":"tr"}]}},"_links":{"self":[{"href":"https:\/\/osmanoglumermer.com.tr\/index.php?rest_route=\/wp\/v2\/pages\/6753"}],"collection":[{"href":"https:\/\/osmanoglumermer.com.tr\/index.php?rest_route=\/wp\/v2\/pages"}],"about":[{"href":"https:\/\/osmanoglumermer.com.tr\/index.php?rest_route=\/wp\/v2\/types\/page"}],"author":[{"embeddable":true,"href":"https:\/\/osmanoglumermer.com.tr\/index.php?rest_route=\/wp\/v2\/users\/1"}],"replies":[{"embeddable":true,"href":"https:\/\/osmanoglumermer.com.tr\/index.php?rest_route=%2Fwp%2Fv2%2Fcomments&post=6753"}],"version-history":[{"count":10,"href":"https:\/\/osmanoglumermer.com.tr\/index.php?rest_route=\/wp\/v2\/pages\/6753\/revisions"}],"predecessor-version":[{"id":6773,"href":"https:\/\/osmanoglumermer.com.tr\/index.php?rest_route=\/wp\/v2\/pages\/6753\/revisions\/6773"}],"wp:attachment":[{"href":"https:\/\/osmanoglumermer.com.tr\/index.php?rest_route=%2Fwp%2Fv2%2Fmedia&parent=6753"}],"curies":[{"name":"wp","href":"https:\/\/api.w.org\/{rel}","templated":true}]}}