{"id":6552,"date":"2024-09-22T14:19:25","date_gmt":"2024-09-22T14:19:25","guid":{"rendered":"https:\/\/osmanoglumermer.com.tr\/?page_id=6552"},"modified":"2024-09-24T10:44:35","modified_gmt":"2024-09-24T10:44:35","slug":"urunlerimiz","status":"publish","type":"page","link":"https:\/\/osmanoglumermer.com.tr\/?page_id=6552","title":{"rendered":"\u00dcr\u00fcnlerimiz"},"content":{"rendered":"\t\t<div data-elementor-type=\"wp-page\" data-elementor-id=\"6552\" class=\"elementor elementor-6552\">\n\t\t\t\t\t\t<div class=\"elementor-section elementor-top-section elementor-element elementor-element-4fc8104c elementor-section-stretched elementor-section-boxed elementor-section-height-default elementor-section-height-default\" data-id=\"4fc8104c\" data-element_type=\"section\" data-settings=\"{&quot;stretch_section&quot;:&quot;section-stretched&quot;}\">\n\t\t\t\t\t\t<div class=\"elementor-container elementor-column-gap-default\">\n\t\t\t\t\t<div class=\"elementor-column elementor-col-100 elementor-top-column elementor-element elementor-element-40e9346a\" data-id=\"40e9346a\" data-element_type=\"column\">\n\t\t\t<div class=\"elementor-widget-wrap elementor-element-populated\">\n\t\t\t\t\t\t<div class=\"elementor-section elementor-inner-section elementor-element elementor-element-bbc6bf elementor-section-boxed elementor-section-height-default elementor-section-height-default elementor-invisible\" data-id=\"bbc6bf\" data-element_type=\"section\" data-settings=\"{&quot;animation&quot;:&quot;fadeInRight&quot;}\">\n\t\t\t\t\t\t<div class=\"elementor-container elementor-column-gap-default\">\n\t\t\t\t\t<div class=\"elementor-column elementor-col-100 elementor-inner-column elementor-element elementor-element-58e9aa64\" data-id=\"58e9aa64\" data-element_type=\"column\">\n\t\t\t<div class=\"elementor-widget-wrap elementor-element-populated\">\n\t\t\t\t\t\t<div class=\"elementor-element elementor-element-717a75ff elementor-widget elementor-widget-section-title\" data-id=\"717a75ff\" data-element_type=\"widget\" data-widget_type=\"section-title.default\">\n\t\t\t\t<div class=\"elementor-widget-container\">\n\t\t\t<div class=\"pt-section-title pt-style-1  \">\r\n   \t\t<h5 class=\"pt-section-main-title\">\u00dcr\u00fcnlerimiz<\/h5>\r\n\t\t<\/div>\r\n\t\t<\/div>\n\t\t\t\t<\/div>\n\t\t\t\t\t<\/div>\n\t\t<\/div>\n\t\t\t\t\t<\/div>\n\t\t<\/div>\n\t\t\t\t<div class=\"elementor-section elementor-inner-section elementor-element elementor-element-56ab9619 elementor-section-full_width elementor-section-height-default elementor-section-height-default\" data-id=\"56ab9619\" data-element_type=\"section\">\n\t\t\t\t\t\t<div class=\"elementor-container elementor-column-gap-default\">\n\t\t\t\t\t<div class=\"elementor-column elementor-col-50 elementor-inner-column elementor-element elementor-element-58ce4abe\" data-id=\"58ce4abe\" data-element_type=\"column\" data-settings=\"{&quot;background_background&quot;:&quot;classic&quot;}\">\n\t\t\t<div class=\"elementor-widget-wrap elementor-element-populated\">\n\t\t\t\t\t\t<div class=\"elementor-element elementor-element-63043515 elementor-position-top elementor-invisible elementor-widget elementor-widget-image-box\" data-id=\"63043515\" data-element_type=\"widget\" data-settings=\"{&quot;_animation&quot;:&quot;fadeInUp&quot;}\" data-widget_type=\"image-box.default\">\n\t\t\t\t<div class=\"elementor-widget-container\">\n\t\t\t<div class=\"elementor-image-box-wrapper\"><figure class=\"elementor-image-box-img\"><a href=\"https:\/\/osmanoglumermer.com.tr\/?page_id=6586\" tabindex=\"-1\"><img fetchpriority=\"high\" decoding=\"async\" width=\"520\" height=\"520\" src=\"https:\/\/osmanoglumermer.com.tr\/wp-content\/uploads\/2024\/09\/mermer-elazig-visne-kp.jpg\" class=\"elementor-animation-bob attachment-full size-full wp-image-6572\" alt=\"\" srcset=\"https:\/\/osmanoglumermer.com.tr\/wp-content\/uploads\/2024\/09\/mermer-elazig-visne-kp.jpg 520w, https:\/\/osmanoglumermer.com.tr\/wp-content\/uploads\/2024\/09\/mermer-elazig-visne-kp-300x300.jpg 300w, https:\/\/osmanoglumermer.com.tr\/wp-content\/uploads\/2024\/09\/mermer-elazig-visne-kp-150x150.jpg 150w\" sizes=\"(max-width: 520px) 100vw, 520px\" \/><\/a><\/figure><div class=\"elementor-image-box-content\"><h4 class=\"elementor-image-box-title\"><a href=\"https:\/\/osmanoglumermer.com.tr\/?page_id=6586\">Mermer \u00c7e\u015fitleri<\/a><\/h4><\/div><\/div>\t\t<\/div>\n\t\t\t\t<\/div>\n\t\t\t\t\t<\/div>\n\t\t<\/div>\n\t\t\t\t<div class=\"elementor-column elementor-col-50 elementor-inner-column elementor-element elementor-element-1664f25c\" data-id=\"1664f25c\" data-element_type=\"column\" data-settings=\"{&quot;background_background&quot;:&quot;classic&quot;}\">\n\t\t\t<div class=\"elementor-widget-wrap elementor-element-populated\">\n\t\t\t\t\t\t<div class=\"elementor-element elementor-element-75ccc67 elementor-position-top elementor-invisible elementor-widget elementor-widget-image-box\" data-id=\"75ccc67\" data-element_type=\"widget\" data-settings=\"{&quot;_animation&quot;:&quot;fadeInUp&quot;}\" data-widget_type=\"image-box.default\">\n\t\t\t\t<div class=\"elementor-widget-container\">\n\t\t\t<div class=\"elementor-image-box-wrapper\"><figure class=\"elementor-image-box-img\"><a href=\"https:\/\/osmanoglumermer.com.tr\/?page_id=6680\" tabindex=\"-1\"><img decoding=\"async\" width=\"520\" height=\"520\" src=\"https:\/\/osmanoglumermer.com.tr\/wp-content\/uploads\/2024\/09\/granit-aksaray-yaylak-kp.jpg\" class=\"elementor-animation-bob attachment-full size-full wp-image-6573\" alt=\"\" srcset=\"https:\/\/osmanoglumermer.com.tr\/wp-content\/uploads\/2024\/09\/granit-aksaray-yaylak-kp.jpg 520w, https:\/\/osmanoglumermer.com.tr\/wp-content\/uploads\/2024\/09\/granit-aksaray-yaylak-kp-300x300.jpg 300w, https:\/\/osmanoglumermer.com.tr\/wp-content\/uploads\/2024\/09\/granit-aksaray-yaylak-kp-150x150.jpg 150w\" sizes=\"(max-width: 520px) 100vw, 520px\" \/><\/a><\/figure><div class=\"elementor-image-box-content\"><h4 class=\"elementor-image-box-title\"><a href=\"https:\/\/osmanoglumermer.com.tr\/?page_id=6680\">Granit \u00c7e\u015fitleri<\/a><\/h4><\/div><\/div>\t\t<\/div>\n\t\t\t\t<\/div>\n\t\t\t\t\t<\/div>\n\t\t<\/div>\n\t\t\t\t\t<\/div>\n\t\t<\/div>\n\t\t\t\t<div class=\"elementor-section elementor-inner-section elementor-element elementor-element-310e76ba elementor-section-boxed elementor-section-height-default elementor-section-height-default\" data-id=\"310e76ba\" data-element_type=\"section\">\n\t\t\t\t\t\t<div class=\"elementor-container elementor-column-gap-default\">\n\t\t\t\t\t<div class=\"elementor-column elementor-col-50 elementor-inner-column elementor-element elementor-element-57b5a6dd\" data-id=\"57b5a6dd\" data-element_type=\"column\" data-settings=\"{&quot;background_background&quot;:&quot;classic&quot;}\">\n\t\t\t<div class=\"elementor-widget-wrap elementor-element-populated\">\n\t\t\t\t\t\t<div class=\"elementor-element elementor-element-395bb60 elementor-position-top elementor-invisible elementor-widget elementor-widget-image-box\" data-id=\"395bb60\" data-element_type=\"widget\" data-settings=\"{&quot;_animation&quot;:&quot;fadeInUp&quot;}\" data-widget_type=\"image-box.default\">\n\t\t\t\t<div class=\"elementor-widget-container\">\n\t\t\t<div class=\"elementor-image-box-wrapper\"><figure class=\"elementor-image-box-img\"><a href=\"https:\/\/osmanoglumermer.com.tr\/?page_id=6703\" tabindex=\"-1\"><img decoding=\"async\" width=\"500\" height=\"500\" src=\"https:\/\/osmanoglumermer.com.tr\/wp-content\/uploads\/2024\/09\/belenco-terre-grey-kp.jpg\" class=\"elementor-animation-bob attachment-full size-full wp-image-6574\" alt=\"\" srcset=\"https:\/\/osmanoglumermer.com.tr\/wp-content\/uploads\/2024\/09\/belenco-terre-grey-kp.jpg 500w, https:\/\/osmanoglumermer.com.tr\/wp-content\/uploads\/2024\/09\/belenco-terre-grey-kp-300x300.jpg 300w, https:\/\/osmanoglumermer.com.tr\/wp-content\/uploads\/2024\/09\/belenco-terre-grey-kp-150x150.jpg 150w\" sizes=\"(max-width: 500px) 100vw, 500px\" \/><\/a><\/figure><div class=\"elementor-image-box-content\"><h4 class=\"elementor-image-box-title\"><a href=\"https:\/\/osmanoglumermer.com.tr\/?page_id=6703\">quartz \u00e7e\u015fitleri<\/a><\/h4><\/div><\/div>\t\t<\/div>\n\t\t\t\t<\/div>\n\t\t\t\t<div class=\"elementor-element elementor-element-502b00b pt-right-border elementor-widget-divider--view-line elementor-widget elementor-widget-divider\" data-id=\"502b00b\" data-element_type=\"widget\" data-widget_type=\"divider.default\">\n\t\t\t\t<div class=\"elementor-widget-container\">\n\t\t\t\t\t<div class=\"elementor-divider\">\n\t\t\t<span class=\"elementor-divider-separator\">\n\t\t\t\t\t\t<\/span>\n\t\t<\/div>\n\t\t\t\t<\/div>\n\t\t\t\t<\/div>\n\t\t\t\t\t<\/div>\n\t\t<\/div>\n\t\t\t\t<div class=\"elementor-column elementor-col-50 elementor-inner-column elementor-element elementor-element-32f39adc\" data-id=\"32f39adc\" data-element_type=\"column\" data-settings=\"{&quot;background_background&quot;:&quot;classic&quot;}\">\n\t\t\t<div class=\"elementor-widget-wrap elementor-element-populated\">\n\t\t\t\t\t\t<div class=\"elementor-element elementor-element-815e6b7 elementor-position-top elementor-invisible elementor-widget elementor-widget-image-box\" data-id=\"815e6b7\" data-element_type=\"widget\" data-settings=\"{&quot;_animation&quot;:&quot;fadeInUp&quot;}\" data-widget_type=\"image-box.default\">\n\t\t\t\t<div class=\"elementor-widget-container\">\n\t\t\t<div class=\"elementor-image-box-wrapper\"><figure class=\"elementor-image-box-img\"><a href=\"https:\/\/osmanoglumermer.com.tr\/?page_id=6732\" tabindex=\"-1\"><img loading=\"lazy\" decoding=\"async\" width=\"500\" height=\"500\" src=\"https:\/\/osmanoglumermer.com.tr\/wp-content\/uploads\/2024\/09\/lamar-armany-grey-kp.jpg\" class=\"elementor-animation-bob attachment-full size-full wp-image-6576\" alt=\"\" srcset=\"https:\/\/osmanoglumermer.com.tr\/wp-content\/uploads\/2024\/09\/lamar-armany-grey-kp.jpg 500w, https:\/\/osmanoglumermer.com.tr\/wp-content\/uploads\/2024\/09\/lamar-armany-grey-kp-300x300.jpg 300w, https:\/\/osmanoglumermer.com.tr\/wp-content\/uploads\/2024\/09\/lamar-armany-grey-kp-150x150.jpg 150w\" sizes=\"(max-width: 500px) 100vw, 500px\" \/><\/a><\/figure><div class=\"elementor-image-box-content\"><h4 class=\"elementor-image-box-title\"><a href=\"https:\/\/osmanoglumermer.com.tr\/?page_id=6732\">Porselen \u00c7e\u015fitleri<\/a><\/h4><\/div><\/div>\t\t<\/div>\n\t\t\t\t<\/div>\n\t\t\t\t\t<\/div>\n\t\t<\/div>\n\t\t\t\t\t<\/div>\n\t\t<\/div>\n\t\t\t\t\t<\/div>\n\t\t<\/div>\n\t\t\t\t\t<\/div>\n\t\t<\/div>\n\t\t\t\t<\/div>\n\t\t","protected":false},"excerpt":{"rendered":"<p>\u00dcr\u00fcnlerimiz Mermer \u00c7e\u015fitleri Granit \u00c7e\u015fitleri quartz \u00e7e\u015fitleri Porselen \u00c7e\u015fitleri<\/p>\n","protected":false},"author":1,"featured_media":0,"parent":0,"menu_order":0,"comment_status":"closed","ping_status":"closed","template":"","meta":{"_acf_changed":false,"_monsterinsights_skip_tracking":false,"_monsterinsights_sitenote_active":false,"_monsterinsights_sitenote_note":"","_monsterinsights_sitenote_category":0,"footnotes":""},"class_list":["post-6552","page","type-page","status-publish","hentry"],"acf":[],"yoast_head":"<!-- This site is optimized with the Yoast SEO plugin v23.5 - https:\/\/yoast.com\/wordpress\/plugins\/seo\/ -->\n<title>\u00dcr\u00fcnlerimiz - Adana Mermer<\/title>\n<meta name=\"robots\" content=\"index, follow, max-snippet:-1, max-image-preview:large, max-video-preview:-1\" \/>\n<link rel=\"canonical\" href=\"https:\/\/osmanoglumermer.com.tr\/?page_id=6552\" \/>\n<meta property=\"og:locale\" content=\"tr_TR\" \/>\n<meta property=\"og:type\" content=\"article\" \/>\n<meta property=\"og:title\" content=\"\u00dcr\u00fcnlerimiz - Adana Mermer\" \/>\n<meta property=\"og:description\" content=\"\u00dcr\u00fcnlerimiz Mermer \u00c7e\u015fitleri Granit \u00c7e\u015fitleri quartz \u00e7e\u015fitleri Porselen \u00c7e\u015fitleri\" \/>\n<meta property=\"og:url\" content=\"https:\/\/osmanoglumermer.com.tr\/?page_id=6552\" \/>\n<meta property=\"og:site_name\" content=\"Adana Mermer\" \/>\n<meta property=\"article:modified_time\" content=\"2024-09-24T10:44:35+00:00\" \/>\n<meta property=\"og:image\" content=\"http:\/\/osmanoglumermer.com.tr\/wp-content\/uploads\/2024\/09\/mermer-elazig-visne-kp.jpg\" \/>\n<meta name=\"twitter:card\" content=\"summary_large_image\" \/>\n<script type=\"application\/ld+json\" class=\"yoast-schema-graph\">{\"@context\":\"https:\/\/schema.org\",\"@graph\":[{\"@type\":\"WebPage\",\"@id\":\"https:\/\/osmanoglumermer.com.tr\/?page_id=6552\",\"url\":\"https:\/\/osmanoglumermer.com.tr\/?page_id=6552\",\"name\":\"\u00dcr\u00fcnlerimiz - Adana Mermer\",\"isPartOf\":{\"@id\":\"https:\/\/osmanoglumermer.com.tr\/#website\"},\"primaryImageOfPage\":{\"@id\":\"https:\/\/osmanoglumermer.com.tr\/?page_id=6552#primaryimage\"},\"image\":{\"@id\":\"https:\/\/osmanoglumermer.com.tr\/?page_id=6552#primaryimage\"},\"thumbnailUrl\":\"http:\/\/osmanoglumermer.com.tr\/wp-content\/uploads\/2024\/09\/mermer-elazig-visne-kp.jpg\",\"datePublished\":\"2024-09-22T14:19:25+00:00\",\"dateModified\":\"2024-09-24T10:44:35+00:00\",\"breadcrumb\":{\"@id\":\"https:\/\/osmanoglumermer.com.tr\/?page_id=6552#breadcrumb\"},\"inLanguage\":\"tr\",\"potentialAction\":[{\"@type\":\"ReadAction\",\"target\":[\"https:\/\/osmanoglumermer.com.tr\/?page_id=6552\"]}]},{\"@type\":\"ImageObject\",\"inLanguage\":\"tr\",\"@id\":\"https:\/\/osmanoglumermer.com.tr\/?page_id=6552#primaryimage\",\"url\":\"http:\/\/osmanoglumermer.com.tr\/wp-content\/uploads\/2024\/09\/mermer-elazig-visne-kp.jpg\",\"contentUrl\":\"http:\/\/osmanoglumermer.com.tr\/wp-content\/uploads\/2024\/09\/mermer-elazig-visne-kp.jpg\"},{\"@type\":\"BreadcrumbList\",\"@id\":\"https:\/\/osmanoglumermer.com.tr\/?page_id=6552#breadcrumb\",\"itemListElement\":[{\"@type\":\"ListItem\",\"position\":1,\"name\":\"Anasayfa\",\"item\":\"https:\/\/osmanoglumermer.com.tr\/\"},{\"@type\":\"ListItem\",\"position\":2,\"name\":\"\u00dcr\u00fcnlerimiz\"}]},{\"@type\":\"WebSite\",\"@id\":\"https:\/\/osmanoglumermer.com.tr\/#website\",\"url\":\"https:\/\/osmanoglumermer.com.tr\/\",\"name\":\"Adana Mermer\",\"description\":\"\",\"potentialAction\":[{\"@type\":\"SearchAction\",\"target\":{\"@type\":\"EntryPoint\",\"urlTemplate\":\"https:\/\/osmanoglumermer.com.tr\/?s={search_term_string}\"},\"query-input\":{\"@type\":\"PropertyValueSpecification\",\"valueRequired\":true,\"valueName\":\"search_term_string\"}}],\"inLanguage\":\"tr\"}]}<\/script>\n<!-- \/ Yoast SEO plugin. -->","yoast_head_json":{"title":"\u00dcr\u00fcnlerimiz - Adana Mermer","robots":{"index":"index","follow":"follow","max-snippet":"max-snippet:-1","max-image-preview":"max-image-preview:large","max-video-preview":"max-video-preview:-1"},"canonical":"https:\/\/osmanoglumermer.com.tr\/?page_id=6552","og_locale":"tr_TR","og_type":"article","og_title":"\u00dcr\u00fcnlerimiz - Adana Mermer","og_description":"\u00dcr\u00fcnlerimiz Mermer \u00c7e\u015fitleri Granit \u00c7e\u015fitleri quartz \u00e7e\u015fitleri Porselen \u00c7e\u015fitleri","og_url":"https:\/\/osmanoglumermer.com.tr\/?page_id=6552","og_site_name":"Adana Mermer","article_modified_time":"2024-09-24T10:44:35+00:00","og_image":[{"url":"http:\/\/osmanoglumermer.com.tr\/wp-content\/uploads\/2024\/09\/mermer-elazig-visne-kp.jpg"}],"twitter_card":"summary_large_image","schema":{"@context":"https:\/\/schema.org","@graph":[{"@type":"WebPage","@id":"https:\/\/osmanoglumermer.com.tr\/?page_id=6552","url":"https:\/\/osmanoglumermer.com.tr\/?page_id=6552","name":"\u00dcr\u00fcnlerimiz - Adana Mermer","isPartOf":{"@id":"https:\/\/osmanoglumermer.com.tr\/#website"},"primaryImageOfPage":{"@id":"https:\/\/osmanoglumermer.com.tr\/?page_id=6552#primaryimage"},"image":{"@id":"https:\/\/osmanoglumermer.com.tr\/?page_id=6552#primaryimage"},"thumbnailUrl":"http:\/\/osmanoglumermer.com.tr\/wp-content\/uploads\/2024\/09\/mermer-elazig-visne-kp.jpg","datePublished":"2024-09-22T14:19:25+00:00","dateModified":"2024-09-24T10:44:35+00:00","breadcrumb":{"@id":"https:\/\/osmanoglumermer.com.tr\/?page_id=6552#breadcrumb"},"inLanguage":"tr","potentialAction":[{"@type":"ReadAction","target":["https:\/\/osmanoglumermer.com.tr\/?page_id=6552"]}]},{"@type":"ImageObject","inLanguage":"tr","@id":"https:\/\/osmanoglumermer.com.tr\/?page_id=6552#primaryimage","url":"http:\/\/osmanoglumermer.com.tr\/wp-content\/uploads\/2024\/09\/mermer-elazig-visne-kp.jpg","contentUrl":"http:\/\/osmanoglumermer.com.tr\/wp-content\/uploads\/2024\/09\/mermer-elazig-visne-kp.jpg"},{"@type":"BreadcrumbList","@id":"https:\/\/osmanoglumermer.com.tr\/?page_id=6552#breadcrumb","itemListElement":[{"@type":"ListItem","position":1,"name":"Anasayfa","item":"https:\/\/osmanoglumermer.com.tr\/"},{"@type":"ListItem","position":2,"name":"\u00dcr\u00fcnlerimiz"}]},{"@type":"WebSite","@id":"https:\/\/osmanoglumermer.com.tr\/#website","url":"https:\/\/osmanoglumermer.com.tr\/","name":"Adana Mermer","description":"","potentialAction":[{"@type":"SearchAction","target":{"@type":"EntryPoint","urlTemplate":"https:\/\/osmanoglumermer.com.tr\/?s={search_term_string}"},"query-input":{"@type":"PropertyValueSpecification","valueRequired":true,"valueName":"search_term_string"}}],"inLanguage":"tr"}]}},"_links":{"self":[{"href":"https:\/\/osmanoglumermer.com.tr\/index.php?rest_route=\/wp\/v2\/pages\/6552"}],"collection":[{"href":"https:\/\/osmanoglumermer.com.tr\/index.php?rest_route=\/wp\/v2\/pages"}],"about":[{"href":"https:\/\/osmanoglumermer.com.tr\/index.php?rest_route=\/wp\/v2\/types\/page"}],"author":[{"embeddable":true,"href":"https:\/\/osmanoglumermer.com.tr\/index.php?rest_route=\/wp\/v2\/users\/1"}],"replies":[{"embeddable":true,"href":"https:\/\/osmanoglumermer.com.tr\/index.php?rest_route=%2Fwp%2Fv2%2Fcomments&post=6552"}],"version-history":[{"count":35,"href":"https:\/\/osmanoglumermer.com.tr\/index.php?rest_route=\/wp\/v2\/pages\/6552\/revisions"}],"predecessor-version":[{"id":6752,"href":"https:\/\/osmanoglumermer.com.tr\/index.php?rest_route=\/wp\/v2\/pages\/6552\/revisions\/6752"}],"wp:attachment":[{"href":"https:\/\/osmanoglumermer.com.tr\/index.php?rest_route=%2Fwp%2Fv2%2Fmedia&parent=6552"}],"curies":[{"name":"wp","href":"https:\/\/api.w.org\/{rel}","templated":true}]}}